{"id":200,"date":"2022-03-02T16:38:03","date_gmt":"2022-03-02T15:38:03","guid":{"rendered":"http:\/\/subra-mesures.fr\/?page_id=200"},"modified":"2022-03-30T16:07:02","modified_gmt":"2022-03-30T14:07:02","slug":"metrologie","status":"publish","type":"page","link":"https:\/\/subra-mesures.fr\/index.php\/metrologie\/","title":{"rendered":"M\u00e9trologie"},"content":{"rendered":"<div class=\"vce-row-container\"><div class=\"vce-row vce-row--col-gap-30 vce-row-full-height vce-row-columns--top vce-row-content--top\" data-vce-full-width=\"true\" id=\"el-69b26ae6\" data-vce-do-apply=\"all el-69b26ae6\"><div class=\"vce-content-background-container\"><div class=\"vce-asset-video-embed-container vce-visible-all-only\"><div class=\"vce-asset-video-embed-wrapper\"><div class=\"vce-asset-video-embed-background vce-asset-video-embed--state-landscape\" data-vce-assets-video-embed=\"526\" data-vce-assets-video-replacer=\".vce-asset-video-embed-player\" data-vce-assets-video-orientation-class=\"vce-asset-video-embed--state-landscape\"><svg class=\"vce-asset-video-embed-sizer\" width=\"3840\" height=\"2160\" data-vce-assets-video-state=\"visible\"><\/svg><video class=\"vce-asset-video-embed-player\" playsinline=\"\" loop=\"\"><source src=\"https:\/\/subra-mesures.fr\/wp-content\/uploads\/2022\/03\/video-2.mp4\" type=\"video\/mp4\"><\/video><\/div><\/div><\/div><\/div><div class=\"vce-row-content\" data-vce-element-content=\"true\"><div class=\"vce-col vce-col--md-16-66p vce-col--xs-1 vce-col--xs-last vce-col--xs-first vce-col--sm-last vce-col--sm-first vce-col--md-first vce-col--lg-first vce-col--xl-first\" id=\"el-38b391ee\"><div class=\"vce-col-inner\" data-vce-do-apply=\"border margin background  el-38b391ee\"><div class=\"vce-col-content\" data-vce-element-content=\"true\" data-vce-do-apply=\"padding el-38b391ee\"><div><\/div><\/div><\/div><\/div><div class=\"vce-col vce-col--md-66-66p vce-col--xs-1 vce-col--xs-last vce-col--xs-first vce-col--sm-last vce-col--sm-first\" id=\"el-c877e022\"><div class=\"vce-col-inner\" data-vce-do-apply=\"border margin background  el-c877e022\"><div class=\"vce-col-content\" data-vce-element-content=\"true\" data-vce-do-apply=\"padding el-c877e022\"><div class=\"vce-google-fonts-heading vce-google-fonts-heading--align-center vce-google-fonts-heading--color-b-255-255-255--45--5C00FF--FF7200 vce-google-fonts-heading--font-family-Raleway\"><div class=\"vce-google-fonts-heading-wrapper\"><div class=\"vce-google-fonts-heading--background vce\" id=\"el-311873eb\" data-vce-do-apply=\"border background  padding margin el-311873eb\"><h1 class=\"vce-google-fonts-heading-inner\" style=\"font-size: 100px; font-weight: 900; font-style: normal;\">METROLOGIE<\/h1><\/div><\/div><\/div><div class=\"vce-text-block\"><div class=\"vce-text-block-wrapper vce\" id=\"el-9da2ed80\" data-vce-do-apply=\"all el-9da2ed80\"><h4 style=\"text-align: center;\"><span style=\"color: #ffffff; font-family: Raleway;\">La science de la mesure<\/span><\/h4><\/div><\/div><\/div><\/div><\/div><div class=\"vce-col vce-col--md-16-66p vce-col--xs-1 vce-col--xs-last vce-col--xs-first vce-col--sm-last vce-col--sm-first vce-col--md-last vce-col--lg-last vce-col--xl-last\" id=\"el-469e9d1e\"><div class=\"vce-col-inner\" data-vce-do-apply=\"border margin background  el-469e9d1e\"><div class=\"vce-col-content\" data-vce-element-content=\"true\" data-vce-do-apply=\"padding el-469e9d1e\"><div><\/div><\/div><\/div><\/div><\/div><\/div><\/div><div class=\"vce-row-container\" data-vce-boxed-width=\"true\"><div class=\"vce-row vce-row--col-gap-30 vce-row-content--top\" id=\"el-a65e669c\" data-vce-do-apply=\"all el-a65e669c\"><div class=\"vce-content-background-container\"><\/div><div class=\"vce-row-content\" data-vce-element-content=\"true\"><div class=\"vce-col vce-col--md-40p vce-col--xs-1 vce-col--xs-last vce-col--xs-first vce-col--sm-last vce-col--sm-first vce-col--md-first vce-col--lg-first vce-col--xl-first\" id=\"el-9964f811\"><div class=\"vce-col-inner\" data-vce-do-apply=\"border margin background  el-9964f811\"><div class=\"vce-col-content\" data-vce-element-content=\"true\" data-vce-do-apply=\"padding el-9964f811\"><div class=\"vce-google-fonts-heading vce-google-fonts-heading--align-left vce-google-fonts-heading--gradient-empty--45--b-47-47-47--b-29-100-197 vce-google-fonts-heading--font-family-Raleway\"><div class=\"vce-google-fonts-heading-wrapper\"><div class=\"vce-google-fonts-heading--background vce\" id=\"el-e5013c2a\" data-vce-do-apply=\"border background  padding margin el-e5013c2a\"><h2 class=\"vce-google-fonts-heading-inner\" style=\"font-size: 70px; font-weight: 900; font-style: normal;\">QU'EST CE QUE C'EST ?<\/h2><\/div><\/div><\/div><\/div><\/div><\/div><div class=\"vce-col vce-col--md-60p vce-col--xs-1 vce-col--xs-last vce-col--xs-first vce-col--sm-last vce-col--sm-first vce-col--md-last vce-col--lg-last vce-col--xl-last\" id=\"el-53e8e1d6\"><div class=\"vce-col-inner\" data-vce-do-apply=\"border margin background  el-53e8e1d6\"><div class=\"vce-col-content\" data-vce-element-content=\"true\" data-vce-do-apply=\"padding el-53e8e1d6\"><div class=\"vce-text-block\"><div class=\"vce-text-block-wrapper vce\" id=\"el-064d8e1b\" data-vce-do-apply=\"all el-064d8e1b\"><div class=\"elementor-element elementor-element-fffb4b3 elementor-widget elementor-widget-text-editor\" data-id=\"fffb4b3\" data-element_type=\"widget\" data-widget_type=\"text-editor.default\"><div class=\"elementor-widget-container\"><div class=\"elementor-text-editor elementor-clearfix\"><p class=\"p1\"><span style=\"color: #242662; font-family: Raleway;\">Depuis 10 ans, Subra mesures d\u00e9veloppe une expertise dans le domaine de la m\u00e9trologie pour les laboratoires. La science de la mesure permet de garantir et maintenir la confiance envers les mesures r\u00e9sultant des processus de mesure.<\/span><\/p><p><span style=\"color: #242662; font-family: Raleway;\">Nous mettons \u00e0 votre service nos comp\u00e9tences et notre expertise. Exigeants et pers\u00e9v\u00e9rants , nous sommes l\u00e0 pour vous accompagner tout au long de votre projet selon votre secteur d'activit\u00e9.&nbsp;<\/span><\/p><\/div><\/div><\/div><\/div><\/div><\/div><\/div><\/div><\/div><\/div><\/div><div class=\"vce-row-container\"><div class=\"vce-row vce-row--col-gap-30 vce-row-no-paddings vce-row-content--top\" data-vce-full-width=\"true\" data-vce-stretch-content=\"true\" id=\"el-0b3d2d40\" data-vce-do-apply=\"all el-0b3d2d40\"><div class=\"vce-row-content\" data-vce-element-content=\"true\"><div class=\"vce-col vce-col--md-auto vce-col--xs-1 vce-col--xs-last vce-col--xs-first vce-col--sm-last vce-col--sm-first vce-col--md-last vce-col--lg-last vce-col--xl-last vce-col--md-first vce-col--lg-first vce-col--xl-first\" id=\"el-33fc1888\"><div class=\"vce-col-inner\" data-vce-do-apply=\"border margin background  el-33fc1888\"><div class=\"vce-col-content\" data-vce-element-content=\"true\" data-vce-do-apply=\"padding el-33fc1888\"><div class=\"vce-image-gallery vce-image-gallery--gap-0 vce-image-gallery--columns-5\"><div class=\"vce-image-gallery-wrapper vce\" id=\"el-28246c72\" data-vce-do-apply=\"all el-28246c72\"><div class=\"vce-image-gallery-list\"><div class=\"vce-image-gallery-item\"><figure class=\"vce-image-gallery-item-inner-wrapper\"><a href=\"https:\/\/subra-mesures.fr\/wp-content\/uploads\/2022\/03\/20220309_135554-rotated.jpg\" data-lightbox=\"lightbox-28246c72\" class=\"vce-image-gallery-item-inner\"><img decoding=\"async\" class=\"vce-image-gallery-img vce-image-gallery-img--orientation-portrait\" src=\"https:\/\/subra-mesures.fr\/wp-content\/uploads\/2022\/03\/20220309_135554-768x1024.jpg\" alt=\"\" title=\"20220309_135554\"><\/a><\/figure><\/div><div class=\"vce-image-gallery-item\"><figure class=\"vce-image-gallery-item-inner-wrapper\"><a href=\"https:\/\/subra-mesures.fr\/wp-content\/uploads\/2022\/03\/centrifuge-g77c12e162_1920.jpg\" data-lightbox=\"lightbox-28246c72\" class=\"vce-image-gallery-item-inner\"><img decoding=\"async\" class=\"vce-image-gallery-img\" src=\"https:\/\/subra-mesures.fr\/wp-content\/uploads\/2022\/03\/centrifuge-g77c12e162_1920-1024x683.jpg\" alt=\"\" title=\"centrifuge-g77c12e162_1920\"><\/a><\/figure><\/div><div class=\"vce-image-gallery-item\"><figure class=\"vce-image-gallery-item-inner-wrapper\"><a href=\"https:\/\/subra-mesures.fr\/wp-content\/uploads\/2022\/03\/electric-g7e05a6ce5_1920.jpg\" data-lightbox=\"lightbox-28246c72\" class=\"vce-image-gallery-item-inner\"><img decoding=\"async\" class=\"vce-image-gallery-img\" src=\"https:\/\/subra-mesures.fr\/wp-content\/uploads\/2022\/03\/electric-g7e05a6ce5_1920-1024x576.jpg\" alt=\"\" title=\"electric-g7e05a6ce5_1920\"><\/a><\/figure><\/div><div class=\"vce-image-gallery-item\"><figure class=\"vce-image-gallery-item-inner-wrapper\"><a href=\"https:\/\/subra-mesures.fr\/wp-content\/uploads\/2022\/03\/oscilloscope-gb674a1161_1920.jpg\" data-lightbox=\"lightbox-28246c72\" class=\"vce-image-gallery-item-inner\"><img decoding=\"async\" class=\"vce-image-gallery-img\" src=\"https:\/\/subra-mesures.fr\/wp-content\/uploads\/2022\/03\/oscilloscope-gb674a1161_1920-1024x680.jpg\" alt=\"\" title=\"oscilloscope-gb674a1161_1920\"><\/a><\/figure><\/div><div class=\"vce-image-gallery-item\"><figure class=\"vce-image-gallery-item-inner-wrapper\"><a href=\"https:\/\/subra-mesures.fr\/wp-content\/uploads\/2022\/03\/cropped-shutterstock_1539408455-scaled-1.jpg\" data-lightbox=\"lightbox-28246c72\" class=\"vce-image-gallery-item-inner\"><img decoding=\"async\" class=\"vce-image-gallery-img\" src=\"https:\/\/subra-mesures.fr\/wp-content\/uploads\/2022\/03\/cropped-shutterstock_1539408455-scaled-1-1024x933.jpg\" alt=\"\" title=\"cropped-shutterstock_1539408455-scaled-1.jpg\"><\/a><\/figure><\/div><\/div><\/div><\/div><\/div><\/div><\/div><\/div><\/div><\/div><div class=\"vce-row-container\" data-vce-boxed-width=\"true\"><div class=\"vce-row vce-row--col-gap-30 vce-row-content--top\" id=\"el-f1a8a653\" data-vce-do-apply=\"all el-f1a8a653\"><div class=\"vce-content-background-container\"><\/div><div class=\"vce-row-content\" data-vce-element-content=\"true\"><div class=\"vce-col vce-col--md-25p vce-col--xs-1 vce-col--xs-last vce-col--xs-first vce-col--sm-last vce-col--sm-first vce-col--md-first vce-col--lg-first vce-col--xl-first\" id=\"el-41ebcf39\"><div class=\"vce-col-inner\" data-vce-do-apply=\"border margin background  el-41ebcf39\"><div class=\"vce-col-content\" data-vce-element-content=\"true\" data-vce-do-apply=\"padding el-41ebcf39\"><div><\/div><\/div><\/div><\/div><div class=\"vce-col vce-col--md-50p vce-col--xs-1 vce-col--xs-last vce-col--xs-first vce-col--sm-last vce-col--sm-first\" id=\"el-45043b0b\"><div class=\"vce-col-inner\" data-vce-do-apply=\"border margin background  el-45043b0b\"><div class=\"vce-col-content\" data-vce-element-content=\"true\" data-vce-do-apply=\"padding el-45043b0b\"><div class=\"vce-text-block\"><div class=\"vce-text-block-wrapper vce\" id=\"el-fcb2bf38\" data-vce-do-apply=\"all el-fcb2bf38\"><h2 style=\"text-align: center;\"><span style=\"font-family: Raleway; color: #243662;\">Notre point fort<\/span><\/h2><p style=\"text-align: center;\"><span style=\"font-family: Raleway;\">Nous sommes une \u00e9quipe \u00e0 taille humaine. Votre dossier est suivi par la m\u00eame personne du d\u00e9but \u00e0 la fin. Nous sommes r\u00e9actifs et \u00e0 l'\u00e9coute de nos clients autant pour l'assistance, l'installation ou le d\u00e9pannage.<\/span><\/p><\/div><\/div><div class=\"vce-button--style-outline-container vce-button--style-outline-container--align-center\"><span class=\"vce-button--style-outline-wrapper vce\" id=\"el-07042ded\" data-vce-do-apply=\"margin el-07042ded\"><a class=\"vce-button vce-button--style-outline-animated vce-button--style-outline--border-rounded vce-button--style-outline--size-medium vce-button--style-outline-animated--color-b-36-38-98--b-255-255-255--3d3d3d vce-button--style-outline-animated--border-color-b-36-38-98--3d3d3d vce-button--style-outline-animated--background-color-b-36-38-98\" href=\"mailto:contact@subra-mesures.fr\" title=\"\" target=\"_blank\" data-vce-do-apply=\"padding border background  el-07042ded\" rel=\"noopener\"><span class=\"vce-button--style-outline-text\">Contactez-nous<\/span><\/a><\/span><\/div><\/div><\/div><\/div><div class=\"vce-col vce-col--md-25p vce-col--xs-1 vce-col--xs-last vce-col--xs-first vce-col--sm-last vce-col--sm-first vce-col--md-last vce-col--lg-last vce-col--xl-last\" id=\"el-ce4017c1\"><div class=\"vce-col-inner\" data-vce-do-apply=\"border margin background  el-ce4017c1\"><div class=\"vce-col-content\" data-vce-element-content=\"true\" data-vce-do-apply=\"padding el-ce4017c1\"><div><\/div><\/div><\/div><\/div><\/div><\/div><\/div>","protected":false},"excerpt":{"rendered":"","protected":false},"author":1,"featured_media":0,"parent":0,"menu_order":0,"comment_status":"closed","ping_status":"closed","template":"","meta":{"footnotes":""},"_links":{"self":[{"href":"https:\/\/subra-mesures.fr\/index.php\/wp-json\/wp\/v2\/pages\/200"}],"collection":[{"href":"https:\/\/subra-mesures.fr\/index.php\/wp-json\/wp\/v2\/pages"}],"about":[{"href":"https:\/\/subra-mesures.fr\/index.php\/wp-json\/wp\/v2\/types\/page"}],"author":[{"embeddable":true,"href":"https:\/\/subra-mesures.fr\/index.php\/wp-json\/wp\/v2\/users\/1"}],"replies":[{"embeddable":true,"href":"https:\/\/subra-mesures.fr\/index.php\/wp-json\/wp\/v2\/comments?post=200"}],"version-history":[{"count":10,"href":"https:\/\/subra-mesures.fr\/index.php\/wp-json\/wp\/v2\/pages\/200\/revisions"}],"predecessor-version":[{"id":622,"href":"https:\/\/subra-mesures.fr\/index.php\/wp-json\/wp\/v2\/pages\/200\/revisions\/622"}],"wp:attachment":[{"href":"https:\/\/subra-mesures.fr\/index.php\/wp-json\/wp\/v2\/media?parent=200"}],"curies":[{"name":"wp","href":"https:\/\/api.w.org\/{rel}","templated":true}]}}