{"id":202,"date":"2022-03-02T16:38:28","date_gmt":"2022-03-02T15:38:28","guid":{"rendered":"http:\/\/subra-mesures.fr\/?page_id=202"},"modified":"2022-03-30T15:53:48","modified_gmt":"2022-03-30T13:53:48","slug":"vente-dequipements","status":"publish","type":"page","link":"https:\/\/subra-mesures.fr\/index.php\/vente-dequipements\/","title":{"rendered":"Vente d&rsquo;\u00e9quipements"},"content":{"rendered":"<div class=\"vce-row-container\"><div class=\"vce-row vce-row--col-gap-30 vce-row-full-height vce-row-columns--top vce-row-content--top\" data-vce-full-width=\"true\" id=\"el-5d82e6c9\" data-vce-do-apply=\"all el-5d82e6c9\"><div class=\"vce-content-background-container\"><div class=\"vce-asset-video-embed-container vce-visible-all-only\"><div class=\"vce-asset-video-embed-wrapper\"><div class=\"vce-asset-video-embed-background\" data-vce-assets-video-embed=\"426\" data-vce-assets-video-replacer=\".vce-asset-video-embed-player\" data-vce-assets-video-orientation-class=\"vce-asset-video-embed--state-landscape\"><svg class=\"vce-asset-video-embed-sizer\" width=\"3840\" height=\"2160\" data-vce-assets-video-state=\"visible\"><\/svg><video class=\"vce-asset-video-embed-player\" playsinline=\"\" loop=\"\"><source src=\"https:\/\/subra-mesures.fr\/wp-content\/uploads\/2022\/03\/video-1.mp4\" type=\"video\/mp4\"><\/video><\/div><\/div><\/div><\/div><div class=\"vce-row-content\" data-vce-element-content=\"true\"><div class=\"vce-col vce-col--md-16-66p vce-col--xs-1 vce-col--xs-last vce-col--xs-first vce-col--sm-last vce-col--sm-first vce-col--md-first vce-col--lg-first vce-col--xl-first\" id=\"el-55da15b8\"><div class=\"vce-col-inner\" data-vce-do-apply=\"border margin background  el-55da15b8\"><div class=\"vce-col-content\" data-vce-element-content=\"true\" data-vce-do-apply=\"padding el-55da15b8\"><div><\/div><\/div><\/div><\/div><div class=\"vce-col vce-col--md-66-66p vce-col--xs-1 vce-col--xs-last vce-col--xs-first vce-col--sm-last vce-col--sm-first\" id=\"el-1c2e26da\"><div class=\"vce-col-inner\" data-vce-do-apply=\"border margin background  el-1c2e26da\"><div class=\"vce-col-content\" data-vce-element-content=\"true\" data-vce-do-apply=\"padding el-1c2e26da\"><div class=\"vce-google-fonts-heading vce-google-fonts-heading--align-center vce-google-fonts-heading--color-b-255-255-255--45--5C00FF--FF7200 vce-google-fonts-heading--font-family-Raleway\"><div class=\"vce-google-fonts-heading-wrapper\"><div class=\"vce-google-fonts-heading--background vce\" id=\"el-e4ecf236\" data-vce-do-apply=\"border background  padding margin el-e4ecf236\"><h1 class=\"vce-google-fonts-heading-inner\" style=\"font-size: 80px; font-weight: 900; font-style: normal;\">VENTE D'EQUIPEMENTS<\/h1><\/div><\/div><\/div><div class=\"vce-text-block\"><div class=\"vce-text-block-wrapper vce\" id=\"el-d1711cfe\" data-vce-do-apply=\"all el-d1711cfe\"><h4 style=\"text-align: center;\"><span style=\"color: #ffffff; font-family: Raleway;\">Du mat\u00e9riel de qualit\u00e9<\/span><\/h4><\/div><\/div><\/div><\/div><\/div><div class=\"vce-col vce-col--md-16-66p vce-col--xs-1 vce-col--xs-last vce-col--xs-first vce-col--sm-last vce-col--sm-first vce-col--md-last vce-col--lg-last vce-col--xl-last\" id=\"el-b7601bb1\"><div class=\"vce-col-inner\" data-vce-do-apply=\"border margin background  el-b7601bb1\"><div class=\"vce-col-content\" data-vce-element-content=\"true\" data-vce-do-apply=\"padding el-b7601bb1\"><div><\/div><\/div><\/div><\/div><\/div><\/div><\/div><div class=\"vce-row-container\" data-vce-boxed-width=\"true\"><div class=\"vce-row vce-row--col-gap-30 vce-row-content--top\" id=\"el-4ab0d9f3\" data-vce-do-apply=\"all el-4ab0d9f3\"><div class=\"vce-content-background-container\"><\/div><div class=\"vce-row-content\" data-vce-element-content=\"true\"><div class=\"vce-col vce-col--md-40p vce-col--xs-1 vce-col--xs-last vce-col--xs-first vce-col--sm-last vce-col--sm-first vce-col--md-first vce-col--lg-first vce-col--xl-first\" id=\"el-ea2668e3\"><div class=\"vce-col-inner\" data-vce-do-apply=\"border margin background  el-ea2668e3\"><div class=\"vce-col-content\" data-vce-element-content=\"true\" data-vce-do-apply=\"padding el-ea2668e3\"><div class=\"vce-google-fonts-heading vce-google-fonts-heading--align-left vce-google-fonts-heading--gradient-empty--45--b-36-38-98--b-29-100-197 vce-google-fonts-heading--font-family-Raleway\"><div class=\"vce-google-fonts-heading-wrapper\"><div class=\"vce-google-fonts-heading--background vce\" id=\"el-1c8eceb3\" data-vce-do-apply=\"border background  padding margin el-1c8eceb3\"><h2 class=\"vce-google-fonts-heading-inner\" style=\"font-size: 80px; font-weight: 900; font-style: normal;\">MATERIEL DE PROS<\/h2><\/div><\/div><\/div><\/div><\/div><\/div><div class=\"vce-col vce-col--md-60p vce-col--xs-1 vce-col--xs-last vce-col--xs-first vce-col--sm-last vce-col--sm-first vce-col--md-last vce-col--lg-last vce-col--xl-last\" id=\"el-c2256ece\"><div class=\"vce-col-inner\" data-vce-do-apply=\"border margin background  el-c2256ece\"><div class=\"vce-col-content\" data-vce-element-content=\"true\" data-vce-do-apply=\"padding el-c2256ece\"><div class=\"vce-text-block\"><div class=\"vce-text-block-wrapper vce\" id=\"el-c8aa93ad\" data-vce-do-apply=\"all el-c8aa93ad\"><p><span style=\"color: #242662; font-family: Raleway;\">Subra mesures vous propose une large gamme d'\u00e9quipements de laboratoire hautes performances pour des applications personnalis\u00e9es \u00e0 votre domaine d'activit\u00e9.<\/span><\/p><p><span style=\"color: #242662; font-family: Raleway;\">Forts de 10 ans d'expertise, nous vendons du mat\u00e9riel professionnel qui r\u00e9ponds aux besoins essentiels de tous les laboratoires : fiabilit\u00e9 des r\u00e9sultats, efficacit\u00e9 des m\u00e9thodes de travail et simplicit\u00e9 d'utilisation. Notre gamme&nbsp; de logiciels, d'accessoires et de consommables am\u00e9liore les performances des instruments et simplifie le travail en laboratoire.<\/span><\/p><\/div><\/div><\/div><\/div><\/div><\/div><\/div><\/div><div class=\"vce-row-container\"><div class=\"vce-row vce-row--col-gap-30 vce-row-no-paddings vce-row-content--top\" data-vce-full-width=\"true\" data-vce-stretch-content=\"true\" id=\"el-04f11be1\" data-vce-do-apply=\"all el-04f11be1\"><div class=\"vce-row-content\" data-vce-element-content=\"true\"><div class=\"vce-col vce-col--md-auto vce-col--xs-1 vce-col--xs-last vce-col--xs-first vce-col--sm-last vce-col--sm-first vce-col--md-last vce-col--lg-last vce-col--xl-last vce-col--md-first vce-col--lg-first vce-col--xl-first\" id=\"el-c921ef1f\"><div class=\"vce-col-inner\" data-vce-do-apply=\"border margin background  el-c921ef1f\"><div class=\"vce-col-content\" data-vce-element-content=\"true\" data-vce-do-apply=\"padding el-c921ef1f\"><div class=\"vce-image-gallery vce-image-gallery--gap-0 vce-image-gallery--columns-5\"><div class=\"vce-image-gallery-wrapper vce\" id=\"el-792a51f5\" data-vce-do-apply=\"all el-792a51f5\"><div class=\"vce-image-gallery-list\"><div class=\"vce-image-gallery-item\"><figure class=\"vce-image-gallery-item-inner-wrapper\"><a href=\"https:\/\/subra-mesures.fr\/wp-content\/uploads\/2022\/03\/20220309_135307-rotated.jpg\" data-lightbox=\"lightbox-792a51f5\" class=\"vce-image-gallery-item-inner\"><img decoding=\"async\" class=\"vce-image-gallery-img vce-image-gallery-img--orientation-portrait\" src=\"https:\/\/subra-mesures.fr\/wp-content\/uploads\/2022\/03\/20220309_135307-768x1024.jpg\" alt=\"\" title=\"20220309_135307\"><\/a><\/figure><\/div><div class=\"vce-image-gallery-item\"><figure class=\"vce-image-gallery-item-inner-wrapper\"><a href=\"https:\/\/subra-mesures.fr\/wp-content\/uploads\/2022\/03\/centrifuge-g77c12e162_1920.jpg\" data-lightbox=\"lightbox-792a51f5\" class=\"vce-image-gallery-item-inner\"><img decoding=\"async\" class=\"vce-image-gallery-img\" src=\"https:\/\/subra-mesures.fr\/wp-content\/uploads\/2022\/03\/centrifuge-g77c12e162_1920-1024x683.jpg\" alt=\"\" title=\"centrifuge-g77c12e162_1920\"><\/a><\/figure><\/div><div class=\"vce-image-gallery-item\"><figure class=\"vce-image-gallery-item-inner-wrapper\"><a href=\"https:\/\/subra-mesures.fr\/wp-content\/uploads\/2022\/03\/electric-g7e05a6ce5_1920.jpg\" data-lightbox=\"lightbox-792a51f5\" class=\"vce-image-gallery-item-inner\"><img decoding=\"async\" class=\"vce-image-gallery-img\" src=\"https:\/\/subra-mesures.fr\/wp-content\/uploads\/2022\/03\/electric-g7e05a6ce5_1920-1024x576.jpg\" alt=\"\" title=\"electric-g7e05a6ce5_1920\"><\/a><\/figure><\/div><div class=\"vce-image-gallery-item\"><figure class=\"vce-image-gallery-item-inner-wrapper\"><a href=\"https:\/\/subra-mesures.fr\/wp-content\/uploads\/2022\/03\/20220309_135554-rotated.jpg\" data-lightbox=\"lightbox-792a51f5\" class=\"vce-image-gallery-item-inner\"><img decoding=\"async\" class=\"vce-image-gallery-img vce-image-gallery-img--orientation-portrait\" src=\"https:\/\/subra-mesures.fr\/wp-content\/uploads\/2022\/03\/20220309_135554-768x1024.jpg\" alt=\"\" title=\"20220309_135554\"><\/a><\/figure><\/div><div class=\"vce-image-gallery-item\"><figure class=\"vce-image-gallery-item-inner-wrapper\"><a href=\"https:\/\/subra-mesures.fr\/wp-content\/uploads\/2022\/03\/oscilloscope-gb674a1161_1920.jpg\" data-lightbox=\"lightbox-792a51f5\" class=\"vce-image-gallery-item-inner\"><img decoding=\"async\" class=\"vce-image-gallery-img\" src=\"https:\/\/subra-mesures.fr\/wp-content\/uploads\/2022\/03\/oscilloscope-gb674a1161_1920-1024x680.jpg\" alt=\"\" title=\"oscilloscope-gb674a1161_1920\"><\/a><\/figure><\/div><\/div><\/div><\/div><\/div><\/div><\/div><\/div><\/div><\/div><div class=\"vce-row-container\" data-vce-boxed-width=\"true\"><div class=\"vce-row vce-row--col-gap-30 vce-row-content--top\" id=\"el-45943dfa\" data-vce-do-apply=\"all el-45943dfa\"><div class=\"vce-content-background-container\"><\/div><div class=\"vce-row-content\" data-vce-element-content=\"true\"><div class=\"vce-col vce-col--md-25p vce-col--xs-1 vce-col--xs-last vce-col--xs-first vce-col--sm-last vce-col--sm-first vce-col--md-first vce-col--lg-first vce-col--xl-first\" id=\"el-7063ad82\"><div class=\"vce-col-inner\" data-vce-do-apply=\"border margin background  el-7063ad82\"><div class=\"vce-col-content\" data-vce-element-content=\"true\" data-vce-do-apply=\"padding el-7063ad82\"><div><\/div><\/div><\/div><\/div><div class=\"vce-col vce-col--md-50p vce-col--xs-1 vce-col--xs-last vce-col--xs-first vce-col--sm-last vce-col--sm-first\" id=\"el-1faf48d0\"><div class=\"vce-col-inner\" data-vce-do-apply=\"border margin background  el-1faf48d0\"><div class=\"vce-col-content\" data-vce-element-content=\"true\" data-vce-do-apply=\"padding el-1faf48d0\"><div class=\"vce-text-block\"><div class=\"vce-text-block-wrapper vce\" id=\"el-95d37d01\" data-vce-do-apply=\"all el-95d37d01\"><h2 style=\"text-align: center;\"><span style=\"color: #242662; font-family: Raleway;\">4 professionnels \u00e0 votre disposition<\/span><\/h2><p style=\"text-align: center;\"><span style=\"font-family: Raleway;\">Une question sur notre gamme de mat\u00e9riel d'\u00e9quipement, besoin d'une machine en particulier ?<\/span><\/p><\/div><\/div><div class=\"vce-button--style-outline-container vce-button--style-outline-container--align-center\"><span class=\"vce-button--style-outline-wrapper vce\" id=\"el-40c1e3d9\" data-vce-do-apply=\"margin el-40c1e3d9\"><a class=\"vce-button vce-button--style-outline-animated vce-button--style-outline--border-rounded vce-button--style-outline--size-medium vce-button--style-outline-animated--color-b-36-38-98--b-255-255-255--3d3d3d vce-button--style-outline-animated--border-color-b-36-38-98--3d3d3d vce-button--style-outline-animated--background-color-b-36-38-98\" href=\"https:\/\/subra-mesures.fr\/index.php\/contact\/\" title=\"\" data-vce-do-apply=\"padding border background  el-40c1e3d9\"><span class=\"vce-button--style-outline-text\">Contactez notre \u00e9quipe<\/span><\/a><\/span><\/div><\/div><\/div><\/div><div class=\"vce-col vce-col--md-25p vce-col--xs-1 vce-col--xs-last vce-col--xs-first vce-col--sm-last vce-col--sm-first vce-col--md-last vce-col--lg-last vce-col--xl-last\" id=\"el-8d816d80\"><div class=\"vce-col-inner\" data-vce-do-apply=\"border margin background  el-8d816d80\"><div class=\"vce-col-content\" data-vce-element-content=\"true\" data-vce-do-apply=\"padding el-8d816d80\"><div><\/div><\/div><\/div><\/div><\/div><\/div><\/div>","protected":false},"excerpt":{"rendered":"","protected":false},"author":1,"featured_media":0,"parent":0,"menu_order":0,"comment_status":"closed","ping_status":"closed","template":"","meta":{"footnotes":""},"_links":{"self":[{"href":"https:\/\/subra-mesures.fr\/index.php\/wp-json\/wp\/v2\/pages\/202"}],"collection":[{"href":"https:\/\/subra-mesures.fr\/index.php\/wp-json\/wp\/v2\/pages"}],"about":[{"href":"https:\/\/subra-mesures.fr\/index.php\/wp-json\/wp\/v2\/types\/page"}],"author":[{"embeddable":true,"href":"https:\/\/subra-mesures.fr\/index.php\/wp-json\/wp\/v2\/users\/1"}],"replies":[{"embeddable":true,"href":"https:\/\/subra-mesures.fr\/index.php\/wp-json\/wp\/v2\/comments?post=202"}],"version-history":[{"count":5,"href":"https:\/\/subra-mesures.fr\/index.php\/wp-json\/wp\/v2\/pages\/202\/revisions"}],"predecessor-version":[{"id":617,"href":"https:\/\/subra-mesures.fr\/index.php\/wp-json\/wp\/v2\/pages\/202\/revisions\/617"}],"wp:attachment":[{"href":"https:\/\/subra-mesures.fr\/index.php\/wp-json\/wp\/v2\/media?parent=202"}],"curies":[{"name":"wp","href":"https:\/\/api.w.org\/{rel}","templated":true}]}}