{"id":668,"date":"2024-04-16T16:17:43","date_gmt":"2024-04-16T14:17:43","guid":{"rendered":"https:\/\/subra-mesures.fr\/?page_id=668"},"modified":"2024-04-17T13:43:40","modified_gmt":"2024-04-17T11:43:40","slug":"microscopie","status":"publish","type":"page","link":"https:\/\/subra-mesures.fr\/index.php\/microscopie\/","title":{"rendered":"Microscopie"},"content":{"rendered":"<div class=\"vce-row-container\" data-vce-boxed-width=\"true\"><div class=\"vce-row vce-row--col-gap-30 vce-row-equal-height vce-row-content--top\" id=\"el-1d2c1f4d\" data-vce-do-apply=\"all el-1d2c1f4d\"><div class=\"vce-row-content\" data-vce-element-content=\"true\"><div class=\"vce-col vce-col--md-auto vce-col--xs-1 vce-col--xs-last vce-col--xs-first vce-col--sm-last vce-col--sm-first vce-col--md-last vce-col--lg-last vce-col--xl-last vce-col--md-first vce-col--lg-first vce-col--xl-first\" id=\"el-c3b93a32\"><div class=\"vce-col-inner\" data-vce-do-apply=\"border margin background  el-c3b93a32\"><div class=\"vce-col-content\" data-vce-element-content=\"true\" data-vce-do-apply=\"padding el-c3b93a32\"><div><\/div><\/div><\/div><\/div><\/div><\/div><\/div><div class=\"vce-row-container\" data-vce-boxed-width=\"true\"><div class=\"vce-row vce-row--col-gap-30 vce-row-equal-height vce-row-content--top\" id=\"el-49803133\" data-vce-do-apply=\"all el-49803133\"><div class=\"vce-row-content\" data-vce-element-content=\"true\"><div class=\"vce-col vce-col--md-auto vce-col--xs-1 vce-col--xs-last vce-col--xs-first vce-col--sm-last vce-col--sm-first vce-col--md-first vce-col--lg-first vce-col--xl-first\" id=\"el-35f33cdb\"><div class=\"vce-col-inner\" data-vce-do-apply=\"border margin background  el-35f33cdb\"><div class=\"vce-col-content\" data-vce-element-content=\"true\" data-vce-do-apply=\"padding el-35f33cdb\"><div><\/div><\/div><\/div><\/div><div class=\"vce-col vce-col--md-auto vce-col--xs-1 vce-col--xs-last vce-col--xs-first vce-col--sm-last vce-col--sm-first vce-col--md-last vce-col--lg-last vce-col--xl-last\" id=\"el-58662d80\"><div class=\"vce-col-inner\" data-vce-do-apply=\"border margin background  el-58662d80\"><div class=\"vce-col-content\" data-vce-element-content=\"true\" data-vce-do-apply=\"padding el-58662d80\"><div><\/div><\/div><\/div><\/div><\/div><\/div><\/div><div class=\"vce-row-container\" data-vce-boxed-width=\"true\"><div class=\"vce-row vce-row--col-gap-29 vce-row-equal-height vce-row-content--top\" id=\"el-dec73711\" data-vce-do-apply=\"all el-dec73711\"><div class=\"vce-row-content\" data-vce-element-content=\"true\"><div class=\"vce-col vce-col--md-25p vce-col--xs-1 vce-col--xs-last vce-col--xs-first vce-col--sm-last vce-col--sm-first vce-col--md-first vce-col--lg-first vce-col--xl-first\" id=\"el-7afce375\"><div class=\"vce-col-inner\" data-vce-do-apply=\"border margin background  el-7afce375\"><div class=\"vce-col-content\" data-vce-element-content=\"true\" data-vce-do-apply=\"padding el-7afce375\"><div class=\"vce-single-image-container vce-single-image--align-center\"><div class=\"vce vce-single-image-wrapper\" id=\"el-8872f117\" data-vce-do-apply=\"all el-8872f117\"><figure><div class=\"vce-single-image-figure-inner\" style=\"width: 225px;\"><div class=\"vce-single-image-inner vce-single-image--absolute\" style=\"width: 100%; padding-bottom: 100%;\"><img loading=\"lazy\" decoding=\"async\" class=\"vce-single-image\"  width=\"225\" height=\"225\" srcset=\"https:\/\/subra-mesures.fr\/wp-content\/uploads\/2024\/04\/images-225x225.jpg 225w\" src=\"https:\/\/subra-mesures.fr\/wp-content\/uploads\/2024\/04\/images-225x225.jpg\" data-img-src=\"https:\/\/subra-mesures.fr\/wp-content\/uploads\/2024\/04\/images.jpg\" alt=\"\" title=\"images\" \/><\/div><\/div><figcaption hidden=\"\"><\/figcaption><\/figure><\/div><\/div><div class=\"vce-single-image-container vce-single-image--align-center\"><div class=\"vce vce-single-image-wrapper\" id=\"el-4443d79d\" data-vce-do-apply=\"all el-4443d79d\"><figure><div class=\"vce-single-image-figure-inner\" style=\"width: 300px;\"><div class=\"vce-single-image-inner vce-single-image--absolute\" style=\"width: 100%; padding-bottom: 23.3333%;\"><img loading=\"lazy\" decoding=\"async\" class=\"vce-single-image\"  width=\"300\" height=\"70\" srcset=\"https:\/\/subra-mesures.fr\/wp-content\/uploads\/2024\/04\/EUROMEX_microscopes-holland_CMYK-pdf-320x75.jpg 320w,https:\/\/subra-mesures.fr\/wp-content\/uploads\/2024\/04\/EUROMEX_microscopes-holland_CMYK-pdf-480x112.jpg 480w,https:\/\/subra-mesures.fr\/wp-content\/uploads\/2024\/04\/EUROMEX_microscopes-holland_CMYK-pdf-800x187.jpg 800w,https:\/\/subra-mesures.fr\/wp-content\/uploads\/2024\/04\/EUROMEX_microscopes-holland_CMYK-pdf-300x70.jpg 300w,https:\/\/subra-mesures.fr\/wp-content\/uploads\/2024\/04\/EUROMEX_microscopes-holland_CMYK-pdf-600x140.jpg 2x\" src=\"https:\/\/subra-mesures.fr\/wp-content\/uploads\/2024\/04\/EUROMEX_microscopes-holland_CMYK-pdf-300x70.jpg\" data-img-src=\"https:\/\/subra-mesures.fr\/wp-content\/uploads\/2024\/04\/EUROMEX_microscopes-holland_CMYK-pdf.jpg\" alt=\"\" title=\"EUROMEX_microscopes holland_CMYK\" \/><\/div><\/div><figcaption hidden=\"\"><\/figcaption><\/figure><\/div><\/div><div class=\"vce-text-block\"><div class=\"vce-text-block-wrapper vce\" id=\"el-845724e7\" data-vce-do-apply=\"all el-845724e7\"><h2 style=\"text-align: center;\">L'iScope<\/h2>\n<p>L'iScope est disponible dans diverses configurations adapt\u00e9es aux sciences de la vie et biom\u00e9dicales, aux lyc\u00e9es, aux universit\u00e9s mais \u00e9galement aux applications m\u00e9dicales de routine.<\/p>\n<p>Outre la m\u00e9thode de contraste en fond clair, des configurations pour le contraste de phase, le fond noir \u00e0 miroir cardio\u00efde, la polarisation de base et plusieurs sources d'\u00e9pi-\u00e9clairage pour les applications de fluorescence peuvent \u00eatre utilis\u00e9es. Des mod\u00e8les iScope avec plusieurs t\u00eates sont \u00e9galement disponibles \u00e0 des fins p\u00e9dagogiques.<\/p><\/div><\/div><div class=\"vce-button--style-basic-container vce-button--style-basic-container--align-center\"><span class=\"vce-button--style-basic-wrapper vce\" id=\"el-ccd034a4\" data-vce-do-apply=\"margin el-ccd034a4\"><a class=\"vce-button vce-button--style-basic vce-button--style-basic--border-round vce-button--style-basic--size-medium vce-button--style-basic--color-b-218-218-218--b-38-51-130\" href=\"https:\/\/subra-mesures.fr\/wp-content\/uploads\/2024\/04\/iScope_fiche_technique_Francaise.pdf\" title=\"\" target=\"_blank\" data-vce-do-apply=\"padding border background  el-ccd034a4\" rel=\"noopener\">T\u00e9l\u00e9charger le PDF<\/a><\/span><\/div><\/div><\/div><\/div><div class=\"vce-col vce-col--md-50p vce-col--xs-1 vce-col--xs-last vce-col--xs-first vce-col--sm-last vce-col--sm-first\" id=\"el-53398ae8\"><div class=\"vce-col-inner\" data-vce-do-apply=\"border margin background  el-53398ae8\"><div class=\"vce-col-content\" data-vce-element-content=\"true\" data-vce-do-apply=\"padding el-53398ae8\"><div class=\"vce-single-image-container vce-single-image--align-center\"><div class=\"vce vce-single-image-wrapper\" id=\"el-f817ebcb\" data-vce-do-apply=\"all el-f817ebcb\"><figure><div class=\"vce-single-image-figure-inner\" style=\"width: 225px;\"><div class=\"vce-single-image-inner vce-single-image--absolute\" style=\"width: 100%; padding-bottom: 100%;\"><img loading=\"lazy\" decoding=\"async\" class=\"vce-single-image\"  width=\"225\" height=\"225\" srcset=\"https:\/\/subra-mesures.fr\/wp-content\/uploads\/2024\/04\/delphi-225x225.jpg 225w\" src=\"https:\/\/subra-mesures.fr\/wp-content\/uploads\/2024\/04\/delphi-225x225.jpg\" data-img-src=\"https:\/\/subra-mesures.fr\/wp-content\/uploads\/2024\/04\/delphi.jpg\" alt=\"\" title=\"delphi\" \/><\/div><\/div><figcaption hidden=\"\"><\/figcaption><\/figure><\/div><\/div><div class=\"vce-single-image-container vce-single-image--align-center\"><div class=\"vce vce-single-image-wrapper\" id=\"el-ac83b2e5\" data-vce-do-apply=\"all el-ac83b2e5\"><figure><div class=\"vce-single-image-figure-inner\" style=\"width: 300px;\"><div class=\"vce-single-image-inner vce-single-image--absolute\" style=\"width: 100%; padding-bottom: 23.3333%;\"><img loading=\"lazy\" decoding=\"async\" class=\"vce-single-image\"  width=\"300\" height=\"70\" srcset=\"https:\/\/subra-mesures.fr\/wp-content\/uploads\/2024\/04\/EUROMEX_microscopes-holland_CMYK-pdf-320x75.jpg 320w,https:\/\/subra-mesures.fr\/wp-content\/uploads\/2024\/04\/EUROMEX_microscopes-holland_CMYK-pdf-480x112.jpg 480w,https:\/\/subra-mesures.fr\/wp-content\/uploads\/2024\/04\/EUROMEX_microscopes-holland_CMYK-pdf-800x187.jpg 800w,https:\/\/subra-mesures.fr\/wp-content\/uploads\/2024\/04\/EUROMEX_microscopes-holland_CMYK-pdf-300x70.jpg 300w,https:\/\/subra-mesures.fr\/wp-content\/uploads\/2024\/04\/EUROMEX_microscopes-holland_CMYK-pdf-600x140.jpg 2x\" src=\"https:\/\/subra-mesures.fr\/wp-content\/uploads\/2024\/04\/EUROMEX_microscopes-holland_CMYK-pdf-300x70.jpg\" data-img-src=\"https:\/\/subra-mesures.fr\/wp-content\/uploads\/2024\/04\/EUROMEX_microscopes-holland_CMYK-pdf.jpg\" alt=\"\" title=\"EUROMEX_microscopes holland_CMYK\" \/><\/div><\/div><figcaption hidden=\"\"><\/figcaption><\/figure><\/div><\/div><div class=\"vce-text-block\"><div class=\"vce-text-block-wrapper vce\" id=\"el-2e4c6fef\" data-vce-do-apply=\"all el-2e4c6fef\"><h2 style=\"text-align: center;\">Le Delphi-X-Observer<\/h2><p class=\"p1\">Les performances optiques exceptionnelles du Delphi-X Observer\u2122 avec des champs de vision de 25 mm et une ouverture num\u00e9rique \u00e9lev\u00e9e des objectifs EIS parafocaux Plan 60 mm permettent des observations parfaites et un rendu des couleurs \u00e0 haute r\u00e9solution. C'est le microscope parfait pour les anatomo-pathologistes.<\/p><\/div><\/div><div class=\"vce-button--style-basic-container vce-button--style-basic-container--align-center\"><span class=\"vce-button--style-basic-wrapper vce\" id=\"el-a050c609\" data-vce-do-apply=\"margin el-a050c609\"><a class=\"vce-button vce-button--style-basic vce-button--style-basic--border-round vce-button--style-basic--size-medium vce-button--style-basic--color-b-218-218-218--b-38-51-130\" href=\"https:\/\/subra-mesures.fr\/wp-content\/uploads\/2024\/04\/Delphi-X_Observer_fiche_technique_Francaise.pdf\" title=\"\" target=\"_blank\" data-vce-do-apply=\"padding border background  el-a050c609\" rel=\"noopener\">T\u00e9l\u00e9charger le PDF<\/a><\/span><\/div><\/div><\/div><\/div><div class=\"vce-col vce-col--md-25p vce-col--xs-1 vce-col--xs-last vce-col--xs-first vce-col--sm-last vce-col--sm-first vce-col--md-last vce-col--lg-last vce-col--xl-last\" id=\"el-c1b6b9fc\"><div class=\"vce-col-inner\" data-vce-do-apply=\"border margin background  el-c1b6b9fc\"><div class=\"vce-col-content\" data-vce-element-content=\"true\" data-vce-do-apply=\"padding el-c1b6b9fc\"><div class=\"vce-single-image-container vce-single-image--align-center\"><div class=\"vce vce-single-image-wrapper\" id=\"el-6afdb24e\" data-vce-do-apply=\"all el-6afdb24e\"><figure><div class=\"vce-single-image-figure-inner\" style=\"width: 204px;\"><div class=\"vce-single-image-inner vce-single-image--absolute\" style=\"width: 100%; padding-bottom: 147.059%;\"><img loading=\"lazy\" decoding=\"async\" class=\"vce-single-image\"  width=\"204\" height=\"300\" srcset=\"https:\/\/subra-mesures.fr\/wp-content\/uploads\/2024\/04\/Microscope-Euromex-BS-1152-PLi-bino-40x-1000x-320x471.jpg 320w,https:\/\/subra-mesures.fr\/wp-content\/uploads\/2024\/04\/Microscope-Euromex-BS-1152-PLi-bino-40x-1000x-480x706.jpg 480w,https:\/\/subra-mesures.fr\/wp-content\/uploads\/2024\/04\/Microscope-Euromex-BS-1152-PLi-bino-40x-1000x-800x1176.jpg 800w,https:\/\/subra-mesures.fr\/wp-content\/uploads\/2024\/04\/Microscope-Euromex-BS-1152-PLi-bino-40x-1000x-204x300.jpg 204w,https:\/\/subra-mesures.fr\/wp-content\/uploads\/2024\/04\/Microscope-Euromex-BS-1152-PLi-bino-40x-1000x-408x600.jpg 2x\" src=\"https:\/\/subra-mesures.fr\/wp-content\/uploads\/2024\/04\/Microscope-Euromex-BS-1152-PLi-bino-40x-1000x-204x300.jpg\" data-img-src=\"https:\/\/subra-mesures.fr\/wp-content\/uploads\/2024\/04\/Microscope-Euromex-BS-1152-PLi-bino-40x-1000x.jpg\" alt=\"\" title=\"Microscope-Euromex-BS-1152-PLi-bino-40x-1000x\" \/><\/div><\/div><figcaption hidden=\"\"><\/figcaption><\/figure><\/div><\/div><div class=\"vce-single-image-container vce-single-image--align-center\"><div class=\"vce vce-single-image-wrapper\" id=\"el-d0c5ada1\" data-vce-do-apply=\"all el-d0c5ada1\"><figure><div class=\"vce-single-image-figure-inner\" style=\"width: 300px;\"><div class=\"vce-single-image-inner vce-single-image--absolute\" style=\"width: 100%; padding-bottom: 23.3333%;\"><img loading=\"lazy\" decoding=\"async\" class=\"vce-single-image\"  width=\"300\" height=\"70\" srcset=\"https:\/\/subra-mesures.fr\/wp-content\/uploads\/2024\/04\/EUROMEX_microscopes-holland_CMYK-pdf-320x75.jpg 320w,https:\/\/subra-mesures.fr\/wp-content\/uploads\/2024\/04\/EUROMEX_microscopes-holland_CMYK-pdf-480x112.jpg 480w,https:\/\/subra-mesures.fr\/wp-content\/uploads\/2024\/04\/EUROMEX_microscopes-holland_CMYK-pdf-800x187.jpg 800w,https:\/\/subra-mesures.fr\/wp-content\/uploads\/2024\/04\/EUROMEX_microscopes-holland_CMYK-pdf-300x70.jpg 300w,https:\/\/subra-mesures.fr\/wp-content\/uploads\/2024\/04\/EUROMEX_microscopes-holland_CMYK-pdf-600x140.jpg 2x\" src=\"https:\/\/subra-mesures.fr\/wp-content\/uploads\/2024\/04\/EUROMEX_microscopes-holland_CMYK-pdf-300x70.jpg\" data-img-src=\"https:\/\/subra-mesures.fr\/wp-content\/uploads\/2024\/04\/EUROMEX_microscopes-holland_CMYK-pdf.jpg\" alt=\"\" title=\"EUROMEX_microscopes holland_CMYK\" \/><\/div><\/div><figcaption hidden=\"\"><\/figcaption><\/figure><\/div><\/div><div class=\"vce-text-block\"><div class=\"vce-text-block-wrapper vce\" id=\"el-b74aca1f\" data-vce-do-apply=\"all el-b74aca1f\"><h2 style=\"text-align: center;\">Le bScope<\/h2>\n<p>Les microscopes de la s\u00e9rie bScope, EUROMEX\u00ae, utilisent des composants optiques de grande qualit\u00e9 pour garantir sa performance et des images claires et lumineuses pour chaque grossissement. Sp\u00e9cialement con\u00e7u la recherche dans l\u2019enseignement et les laboratoires, ce mat\u00e9riel de laboratoire est ergonomique et r\u00e9pond aux normes standards en vigueurs.<\/p><\/div><\/div><div class=\"vce-button--style-basic-container vce-button--style-basic-container--align-center\"><span class=\"vce-button--style-basic-wrapper vce\" id=\"el-84055ad8\" data-vce-do-apply=\"margin el-84055ad8\"><a class=\"vce-button vce-button--style-basic vce-button--style-basic--border-round vce-button--style-basic--size-medium vce-button--style-basic--color-b-218-218-218--b-38-51-130\" href=\"https:\/\/subra-mesures.fr\/wp-content\/uploads\/2024\/04\/bScope_fiche_technique_Francaise_8.pdf\" title=\"\" target=\"_blank\" data-vce-do-apply=\"padding border background  el-84055ad8\" rel=\"noopener\">T\u00e9l\u00e9charger le PDF<\/a><\/span><\/div><\/div><\/div><\/div><\/div><\/div><\/div><div class=\"vce-row-container\" data-vce-boxed-width=\"true\"><div class=\"vce-row vce-row--col-gap-29 vce-row-equal-height vce-row-content--top\" id=\"el-359abc34\" data-vce-do-apply=\"all el-359abc34\"><div class=\"vce-row-content\" data-vce-element-content=\"true\"><div class=\"vce-col vce-col--md-auto vce-col--xs-1 vce-col--xs-last vce-col--xs-first vce-col--sm-last vce-col--sm-first vce-col--md-first vce-col--lg-first vce-col--xl-first\" id=\"el-da96a029\"><div class=\"vce-col-inner\" data-vce-do-apply=\"border margin background  el-da96a029\"><div class=\"vce-col-content\" data-vce-element-content=\"true\" data-vce-do-apply=\"padding el-da96a029\"><div class=\"vce-single-image-container vce-single-image--align-left\"><div class=\"vce vce-single-image-wrapper\" id=\"el-549c292f\" data-vce-do-apply=\"all el-549c292f\"><figure><div class=\"vce-single-image-figure-inner\" style=\"width: 300px;\"><div class=\"vce-single-image-inner vce-single-image--absolute\" style=\"width: 100%; padding-bottom: 100%;\"><img loading=\"lazy\" decoding=\"async\" class=\"vce-single-image\"  width=\"300\" height=\"300\" srcset=\"https:\/\/subra-mesures.fr\/wp-content\/uploads\/2024\/04\/oxion-1-320x320.jpg 320w,https:\/\/subra-mesures.fr\/wp-content\/uploads\/2024\/04\/oxion-1-480x480.jpg 480w,https:\/\/subra-mesures.fr\/wp-content\/uploads\/2024\/04\/oxion-1-800x800.jpg 800w,https:\/\/subra-mesures.fr\/wp-content\/uploads\/2024\/04\/oxion-1-300x300.jpg 300w,https:\/\/subra-mesures.fr\/wp-content\/uploads\/2024\/04\/oxion-1-600x600.jpg 2x\" src=\"https:\/\/subra-mesures.fr\/wp-content\/uploads\/2024\/04\/oxion-1-300x300.jpg\" data-img-src=\"https:\/\/subra-mesures.fr\/wp-content\/uploads\/2024\/04\/oxion-1.jpg\" alt=\"\" title=\"oxion\" \/><\/div><\/div><figcaption hidden=\"\"><\/figcaption><\/figure><\/div><\/div><div class=\"vce-single-image-container vce-single-image--align-center\"><div class=\"vce vce-single-image-wrapper\" id=\"el-928beda2\" data-vce-do-apply=\"all el-928beda2\"><figure><div class=\"vce-single-image-figure-inner\" style=\"width: 300px;\"><div class=\"vce-single-image-inner vce-single-image--absolute\" style=\"width: 100%; padding-bottom: 23.3333%;\"><img loading=\"lazy\" decoding=\"async\" class=\"vce-single-image\"  width=\"300\" height=\"70\" srcset=\"https:\/\/subra-mesures.fr\/wp-content\/uploads\/2024\/04\/EUROMEX_microscopes-holland_CMYK-pdf-320x75.jpg 320w,https:\/\/subra-mesures.fr\/wp-content\/uploads\/2024\/04\/EUROMEX_microscopes-holland_CMYK-pdf-480x112.jpg 480w,https:\/\/subra-mesures.fr\/wp-content\/uploads\/2024\/04\/EUROMEX_microscopes-holland_CMYK-pdf-800x187.jpg 800w,https:\/\/subra-mesures.fr\/wp-content\/uploads\/2024\/04\/EUROMEX_microscopes-holland_CMYK-pdf-300x70.jpg 300w,https:\/\/subra-mesures.fr\/wp-content\/uploads\/2024\/04\/EUROMEX_microscopes-holland_CMYK-pdf-600x140.jpg 2x\" src=\"https:\/\/subra-mesures.fr\/wp-content\/uploads\/2024\/04\/EUROMEX_microscopes-holland_CMYK-pdf-300x70.jpg\" data-img-src=\"https:\/\/subra-mesures.fr\/wp-content\/uploads\/2024\/04\/EUROMEX_microscopes-holland_CMYK-pdf.jpg\" alt=\"\" title=\"EUROMEX_microscopes holland_CMYK\" \/><\/div><\/div><figcaption hidden=\"\"><\/figcaption><\/figure><\/div><\/div><div class=\"vce-text-block\"><div class=\"vce-text-block-wrapper vce\" id=\"el-e8a28261\" data-vce-do-apply=\"all el-e8a28261\"><h2 style=\"text-align: center;\">L'Oxion<\/h2>\n<h2 style=\"text-align: center;\">(microscope invers\u00e9)<\/h2>\n<p class=\"cs3270F94\"><span class=\"cs97DFFCB\">Le microscope Oxion, EUROMEX<\/span><span class=\"cs97DFFCB\"><sup>\u00ae<\/sup><\/span><span class=\"cs97DFFCB\">, est un appareil de grande qualit\u00e9, utile pour vos travaux quotidiens. Avec son excellent rapport qualit\u00e9\/prix, il est id\u00e9al pour les laboratoires universitaires, ou les centres de m\u00e9decine v\u00e9t\u00e9rinaires. <\/span><span class=\"cs97DFFCB\">Ce mat\u00e9riel de laboratoire poss\u00e8de des composants optiques et m\u00e9caniques d'une grande qualit\u00e9, pour vous procurer<\/span><a id=\"_DX_FRAG_STARTFRAGMENT\"><\/a><span class=\"cs97DFFCB\">&nbsp;des images nettes et claires.<\/span><\/p><\/div><\/div><div class=\"vce-button--style-basic-container vce-button--style-basic-container--align-center\"><span class=\"vce-button--style-basic-wrapper vce\" id=\"el-d04e7b21\" data-vce-do-apply=\"margin el-d04e7b21\"><a class=\"vce-button vce-button--style-basic vce-button--style-basic--border-round vce-button--style-basic--size-medium vce-button--style-basic--color-b-218-218-218--b-38-51-130\" href=\"https:\/\/subra-mesures.fr\/wp-content\/uploads\/2024\/04\/Oxion_LS_fiche_technique_Francaise.pdf\" title=\"\" target=\"_blank\" data-vce-do-apply=\"padding border background  el-d04e7b21\" rel=\"noopener\">T\u00e9l\u00e9charger le PDF<\/a><\/span><\/div><\/div><\/div><\/div><div class=\"vce-col vce-col--md-auto vce-col--xs-1 vce-col--xs-last vce-col--xs-first vce-col--sm-last vce-col--sm-first vce-col--md-last vce-col--lg-last vce-col--xl-last\" id=\"el-1289e442\"><div class=\"vce-col-inner\" data-vce-do-apply=\"border margin background  el-1289e442\"><div class=\"vce-col-content\" data-vce-element-content=\"true\" data-vce-do-apply=\"padding el-1289e442\"><div class=\"vce-single-image-container vce-single-image--align-center\"><div class=\"vce vce-single-image-wrapper\" id=\"el-13dc2e79\" data-vce-do-apply=\"all el-13dc2e79\"><figure><div class=\"vce-single-image-figure-inner\" style=\"width: 258px;\"><div class=\"vce-single-image-inner vce-single-image--absolute\" style=\"width: 100%; padding-bottom: 116.279%;\"><img loading=\"lazy\" decoding=\"async\" class=\"vce-single-image\"  width=\"258\" height=\"300\" srcset=\"https:\/\/subra-mesures.fr\/wp-content\/uploads\/2024\/04\/AX.1153-PLPHi-320x372.jpg 320w,https:\/\/subra-mesures.fr\/wp-content\/uploads\/2024\/04\/AX.1153-PLPHi-480x558.jpg 480w,https:\/\/subra-mesures.fr\/wp-content\/uploads\/2024\/04\/AX.1153-PLPHi-800x930.jpg 800w,https:\/\/subra-mesures.fr\/wp-content\/uploads\/2024\/04\/AX.1153-PLPHi-258x300.jpg 258w,https:\/\/subra-mesures.fr\/wp-content\/uploads\/2024\/04\/AX.1153-PLPHi-516x600.jpg 2x\" src=\"https:\/\/subra-mesures.fr\/wp-content\/uploads\/2024\/04\/AX.1153-PLPHi-258x300.jpg\" data-img-src=\"https:\/\/subra-mesures.fr\/wp-content\/uploads\/2024\/04\/AX.1153-PLPHi.jpg\" alt=\"\" title=\"AX.1153-PLPHi\" \/><\/div><\/div><figcaption hidden=\"\"><\/figcaption><\/figure><\/div><\/div><div class=\"vce-single-image-container vce-single-image--align-center\"><div class=\"vce vce-single-image-wrapper\" id=\"el-ba7d093a\" data-vce-do-apply=\"all el-ba7d093a\"><figure><div class=\"vce-single-image-figure-inner\" style=\"width: 300px;\"><div class=\"vce-single-image-inner vce-single-image--absolute\" style=\"width: 100%; padding-bottom: 23.3333%;\"><img loading=\"lazy\" decoding=\"async\" class=\"vce-single-image\"  width=\"300\" height=\"70\" srcset=\"https:\/\/subra-mesures.fr\/wp-content\/uploads\/2024\/04\/EUROMEX_microscopes-holland_CMYK-pdf-320x75.jpg 320w,https:\/\/subra-mesures.fr\/wp-content\/uploads\/2024\/04\/EUROMEX_microscopes-holland_CMYK-pdf-480x112.jpg 480w,https:\/\/subra-mesures.fr\/wp-content\/uploads\/2024\/04\/EUROMEX_microscopes-holland_CMYK-pdf-800x187.jpg 800w,https:\/\/subra-mesures.fr\/wp-content\/uploads\/2024\/04\/EUROMEX_microscopes-holland_CMYK-pdf-300x70.jpg 300w,https:\/\/subra-mesures.fr\/wp-content\/uploads\/2024\/04\/EUROMEX_microscopes-holland_CMYK-pdf-600x140.jpg 2x\" src=\"https:\/\/subra-mesures.fr\/wp-content\/uploads\/2024\/04\/EUROMEX_microscopes-holland_CMYK-pdf-300x70.jpg\" data-img-src=\"https:\/\/subra-mesures.fr\/wp-content\/uploads\/2024\/04\/EUROMEX_microscopes-holland_CMYK-pdf.jpg\" alt=\"\" title=\"EUROMEX_microscopes holland_CMYK\" \/><\/div><\/div><figcaption hidden=\"\"><\/figcaption><\/figure><\/div><\/div><div class=\"vce-text-block\"><div class=\"vce-text-block-wrapper vce\" id=\"el-cdb8c422\" data-vce-do-apply=\"all el-cdb8c422\"><h3 style=\"text-align: center;\"><span>L'Observateur Achios-X<\/span><\/h3>\n<p class=\"p1\">Faites l'exp\u00e9rience d'un confort optimal et de performances de pointe avec l'Achios-X Observer, un chef-d'\u0153uvre ergonomique dot\u00e9 d'un syst\u00e8me optique de pointe. Con\u00e7u pour r\u00e9pondre aux exigences des applications avanc\u00e9es des sciences de la vie telles que la cytologie et l'anatomopathologie.<\/p><\/div><\/div><div class=\"vce-button--style-basic-container vce-button--style-basic-container--align-center\"><span class=\"vce-button--style-basic-wrapper vce\" id=\"el-e0bbe1f4\" data-vce-do-apply=\"margin el-e0bbe1f4\"><a class=\"vce-button vce-button--style-basic vce-button--style-basic--border-round vce-button--style-basic--size-medium vce-button--style-basic--color-b-218-218-218--b-38-51-130\" href=\"https:\/\/subra-mesures.fr\/wp-content\/uploads\/2024\/04\/Achios-X-Observer_fiche_technique_Francaise_2.pdf\" title=\"\" target=\"_blank\" data-vce-do-apply=\"padding border background  el-e0bbe1f4\" rel=\"noopener\">T\u00e9l\u00e9charger le PDF<\/a><\/span><\/div><\/div><\/div><\/div><\/div><\/div><\/div>","protected":false},"excerpt":{"rendered":"","protected":false},"author":1,"featured_media":0,"parent":0,"menu_order":0,"comment_status":"closed","ping_status":"closed","template":"","meta":{"footnotes":""},"_links":{"self":[{"href":"https:\/\/subra-mesures.fr\/index.php\/wp-json\/wp\/v2\/pages\/668"}],"collection":[{"href":"https:\/\/subra-mesures.fr\/index.php\/wp-json\/wp\/v2\/pages"}],"about":[{"href":"https:\/\/subra-mesures.fr\/index.php\/wp-json\/wp\/v2\/types\/page"}],"author":[{"embeddable":true,"href":"https:\/\/subra-mesures.fr\/index.php\/wp-json\/wp\/v2\/users\/1"}],"replies":[{"embeddable":true,"href":"https:\/\/subra-mesures.fr\/index.php\/wp-json\/wp\/v2\/comments?post=668"}],"version-history":[{"count":29,"href":"https:\/\/subra-mesures.fr\/index.php\/wp-json\/wp\/v2\/pages\/668\/revisions"}],"predecessor-version":[{"id":746,"href":"https:\/\/subra-mesures.fr\/index.php\/wp-json\/wp\/v2\/pages\/668\/revisions\/746"}],"wp:attachment":[{"href":"https:\/\/subra-mesures.fr\/index.php\/wp-json\/wp\/v2\/media?parent=668"}],"curies":[{"name":"wp","href":"https:\/\/api.w.org\/{rel}","templated":true}]}}