{"id":818,"date":"2024-04-17T15:28:27","date_gmt":"2024-04-17T13:28:27","guid":{"rendered":"https:\/\/subra-mesures.fr\/?page_id=818"},"modified":"2024-04-17T16:04:28","modified_gmt":"2024-04-17T14:04:28","slug":"nos-enceintes-negatives","status":"publish","type":"page","link":"https:\/\/subra-mesures.fr\/index.php\/nos-enceintes-negatives\/","title":{"rendered":"Nos enceintes n\u00e9gatives"},"content":{"rendered":"<div class=\"vce-row-container\" data-vce-boxed-width=\"true\"><div class=\"vce-row vce-row--col-gap-30 vce-row-equal-height vce-row-content--top\" id=\"el-ff5a3a55\" data-vce-do-apply=\"all el-ff5a3a55\"><div class=\"vce-row-content\" data-vce-element-content=\"true\"><div class=\"vce-col vce-col--md-auto vce-col--xs-1 vce-col--xs-last vce-col--xs-first vce-col--sm-last vce-col--sm-first vce-col--md-last vce-col--lg-last vce-col--xl-last vce-col--md-first vce-col--lg-first vce-col--xl-first\" id=\"el-aebab647\"><div class=\"vce-col-inner\" data-vce-do-apply=\"border margin background  el-aebab647\"><div class=\"vce-col-content\" data-vce-element-content=\"true\" data-vce-do-apply=\"padding el-aebab647\"><div class=\"vce-text-block\"><div class=\"vce-text-block-wrapper vce\" id=\"el-2dde8106\" data-vce-do-apply=\"all el-2dde8106\"><h1 style=\"text-align: center;\">Nos enceintes n\u00e9gatives<\/h1><\/div><\/div><\/div><\/div><\/div><\/div><\/div><\/div><div class=\"vce-row-container\" data-vce-boxed-width=\"true\"><div class=\"vce-row vce-row--col-gap-30 vce-row-equal-height vce-row-content--top\" id=\"el-39326478\" data-vce-do-apply=\"all el-39326478\"><div class=\"vce-row-content\" data-vce-element-content=\"true\"><div class=\"vce-col vce-col--md-auto vce-col--xs-1 vce-col--xs-last vce-col--xs-first vce-col--sm-last vce-col--sm-first vce-col--md-first vce-col--lg-first vce-col--xl-first\" id=\"el-01d2e0b1\"><div class=\"vce-col-inner\" data-vce-do-apply=\"border margin background  el-01d2e0b1\"><div class=\"vce-col-content\" data-vce-element-content=\"true\" data-vce-do-apply=\"padding el-01d2e0b1\"><div><\/div><\/div><\/div><\/div><div class=\"vce-col vce-col--md-auto vce-col--xs-1 vce-col--xs-last vce-col--xs-first vce-col--sm-last vce-col--sm-first\" id=\"el-91e533d3\"><div class=\"vce-col-inner\" data-vce-do-apply=\"border margin background  el-91e533d3\"><div class=\"vce-col-content\" data-vce-element-content=\"true\" data-vce-do-apply=\"padding el-91e533d3\"><div><\/div><\/div><\/div><\/div><div class=\"vce-col vce-col--md-auto vce-col--xs-1 vce-col--xs-last vce-col--xs-first vce-col--sm-last vce-col--sm-first\" id=\"el-8f8475fd\"><div class=\"vce-col-inner\" data-vce-do-apply=\"border margin background  el-8f8475fd\"><div class=\"vce-col-content\" data-vce-element-content=\"true\" data-vce-do-apply=\"padding el-8f8475fd\"><div><\/div><\/div><\/div><\/div><div class=\"vce-col vce-col--md-auto vce-col--xs-1 vce-col--xs-last vce-col--xs-first vce-col--sm-last vce-col--sm-first vce-col--md-last vce-col--lg-last vce-col--xl-last\" id=\"el-c2c6fd9f\"><div class=\"vce-col-inner\" data-vce-do-apply=\"border margin background  el-c2c6fd9f\"><div class=\"vce-col-content\" data-vce-element-content=\"true\" data-vce-do-apply=\"padding el-c2c6fd9f\"><div><\/div><\/div><\/div><\/div><\/div><\/div><\/div><div class=\"vce-row-container\" data-vce-boxed-width=\"true\"><div class=\"vce-row vce-row--col-gap-30 vce-row-equal-height vce-row-content--top\" id=\"el-3441b622\" data-vce-do-apply=\"all el-3441b622\"><div class=\"vce-row-content\" data-vce-element-content=\"true\"><div class=\"vce-col vce-col--md-auto vce-col--xs-1 vce-col--xs-last vce-col--xs-first vce-col--sm-last vce-col--sm-first vce-col--md-first vce-col--lg-first vce-col--xl-first\" id=\"el-e560799e\"><div class=\"vce-col-inner\" data-vce-do-apply=\"border margin background  el-e560799e\"><div class=\"vce-col-content\" data-vce-element-content=\"true\" data-vce-do-apply=\"padding el-e560799e\"><div class=\"vce-single-image-container vce-single-image--align-center\"><div class=\"vce vce-single-image-wrapper\" id=\"el-d0b3e41e\" data-vce-do-apply=\"all el-d0b3e41e\"><figure><div class=\"vce-single-image-figure-inner\" style=\"width: 300px;\"><div class=\"vce-single-image-inner vce-single-image--absolute\" style=\"width: 100%; padding-bottom: 100%;\"><img loading=\"lazy\" decoding=\"async\" class=\"vce-single-image\"  width=\"300\" height=\"300\" srcset=\"https:\/\/subra-mesures.fr\/wp-content\/uploads\/2024\/04\/atex-freezer-lguex-1500-liebherr-1-300x300.jpg 300w\" src=\"https:\/\/subra-mesures.fr\/wp-content\/uploads\/2024\/04\/atex-freezer-lguex-1500-liebherr-1-300x300.jpg\" data-img-src=\"https:\/\/subra-mesures.fr\/wp-content\/uploads\/2024\/04\/atex-freezer-lguex-1500-liebherr-1.jpg\" alt=\"\" title=\"atex-freezer-lguex-1500-liebherr\" \/><\/div><\/div><figcaption hidden=\"\"><\/figcaption><\/figure><\/div><\/div><div class=\"vce-single-image-container vce-single-image--align-center\"><div class=\"vce vce-single-image-wrapper\" id=\"el-b9a3e6c7\" data-vce-do-apply=\"all el-b9a3e6c7\"><figure><div class=\"vce-single-image-figure-inner\" style=\"width: 300px;\"><div class=\"vce-single-image-inner vce-single-image--absolute\" style=\"width: 100%; padding-bottom: 12.3333%;\"><img loading=\"lazy\" decoding=\"async\" class=\"vce-single-image\"  width=\"300\" height=\"37\" srcset=\"https:\/\/subra-mesures.fr\/wp-content\/uploads\/2024\/04\/logo_Liebherr_RGB_noir-1-320x39.png 320w,https:\/\/subra-mesures.fr\/wp-content\/uploads\/2024\/04\/logo_Liebherr_RGB_noir-1-480x59.png 480w,https:\/\/subra-mesures.fr\/wp-content\/uploads\/2024\/04\/logo_Liebherr_RGB_noir-1-800x99.png 800w,https:\/\/subra-mesures.fr\/wp-content\/uploads\/2024\/04\/logo_Liebherr_RGB_noir-1-300x37.png 300w,https:\/\/subra-mesures.fr\/wp-content\/uploads\/2024\/04\/logo_Liebherr_RGB_noir-1-600x74.png 2x\" src=\"https:\/\/subra-mesures.fr\/wp-content\/uploads\/2024\/04\/logo_Liebherr_RGB_noir-1-300x37.png\" data-img-src=\"https:\/\/subra-mesures.fr\/wp-content\/uploads\/2024\/04\/logo_Liebherr_RGB_noir-1.png\" alt=\"\" title=\"logo_Liebherr_RGB_noir\" \/><\/div><\/div><figcaption hidden=\"\"><\/figcaption><\/figure><\/div><\/div><div class=\"vce-text-block\"><div class=\"vce-text-block-wrapper vce\" id=\"el-26ec4448\" data-vce-do-apply=\"all el-26ec4448\"><h2 style=\"text-align: center;\">LGUEX 1500<\/h2>\n<p class=\"content data\">e mod\u00e8le Liebherr LGUex 1500 avec cuve int\u00e9rieure offre une capacit\u00e9 de cong\u00e9lation de 139 litres, avec une plage de temp\u00e9rature de -9 \u00b0C \u00e0 -26 \u00b0C. Ex\u00e9cution avec double alarme et contact libre de potentiel, les temp\u00e9ratures les plus \u00e9lev\u00e9es et les plus basses sont \u00e0 lire sur l'affichage pendant un maximum de 40 jours.<\/p><\/div><\/div><div class=\"vce-button--style-basic-container vce-button--style-basic-container--align-center\"><span class=\"vce-button--style-basic-wrapper vce\" id=\"el-530a4e22\" data-vce-do-apply=\"margin el-530a4e22\"><a class=\"vce-button vce-button--style-basic vce-button--style-basic--border-round vce-button--style-basic--size-medium vce-button--style-basic--color-b-218-218-218--b-255-255-255\" href=\"https:\/\/subra-mesures.fr\/wp-content\/uploads\/2024\/04\/LGUex1500-24_fr.pdf\" title=\"\" target=\"_blank\" data-vce-do-apply=\"padding border background  el-530a4e22\" rel=\"noopener\">T\u00e9l\u00e9charger le PDF<\/a><\/span><\/div><\/div><\/div><\/div><div class=\"vce-col vce-col--md-auto vce-col--xs-1 vce-col--xs-last vce-col--xs-first vce-col--sm-last vce-col--sm-first\" id=\"el-f028148a\"><div class=\"vce-col-inner\" data-vce-do-apply=\"border margin background  el-f028148a\"><div class=\"vce-col-content\" data-vce-element-content=\"true\" data-vce-do-apply=\"padding el-f028148a\"><div class=\"vce-single-image-container vce-single-image--align-center\" id=\"MEDIUM\"><div class=\"vce vce-single-image-wrapper\" id=\"el-d7780cc2\" data-vce-do-apply=\"all el-d7780cc2\"><figure><div class=\"vce-single-image-figure-inner\" style=\"width: 1800px;\"><div class=\"vce-single-image-inner vce-single-image--absolute\" style=\"width: 100%; padding-bottom: 100%;\"><img decoding=\"async\" class=\"vce-single-image\" alt=\"\" title=\"LGPv 6520 (1)\" src=\"https:\/\/subra-mesures.fr\/wp-content\/uploads\/2024\/04\/LGPv-6520-1-4.jpg\" data-img-src=\"https:\/\/subra-mesures.fr\/wp-content\/uploads\/2024\/04\/LGPv-6520-1-4.jpg\"><\/div><\/div><figcaption hidden=\"\"><\/figcaption><\/figure><\/div><\/div><div class=\"vce-single-image-container vce-single-image--align-center\"><div class=\"vce vce-single-image-wrapper\" id=\"el-8bcb19fb\" data-vce-do-apply=\"all el-8bcb19fb\"><figure><div class=\"vce-single-image-figure-inner\" style=\"width: 300px;\"><div class=\"vce-single-image-inner vce-single-image--absolute\" style=\"width: 100%; padding-bottom: 12.3333%;\"><img loading=\"lazy\" decoding=\"async\" class=\"vce-single-image\"  width=\"300\" height=\"37\" srcset=\"https:\/\/subra-mesures.fr\/wp-content\/uploads\/2024\/04\/logo_Liebherr_RGB_noir-3-320x39.png 320w,https:\/\/subra-mesures.fr\/wp-content\/uploads\/2024\/04\/logo_Liebherr_RGB_noir-3-480x59.png 480w,https:\/\/subra-mesures.fr\/wp-content\/uploads\/2024\/04\/logo_Liebherr_RGB_noir-3-800x99.png 800w,https:\/\/subra-mesures.fr\/wp-content\/uploads\/2024\/04\/logo_Liebherr_RGB_noir-3-300x37.png 300w,https:\/\/subra-mesures.fr\/wp-content\/uploads\/2024\/04\/logo_Liebherr_RGB_noir-3-600x74.png 2x\" src=\"https:\/\/subra-mesures.fr\/wp-content\/uploads\/2024\/04\/logo_Liebherr_RGB_noir-3-300x37.png\" data-img-src=\"https:\/\/subra-mesures.fr\/wp-content\/uploads\/2024\/04\/logo_Liebherr_RGB_noir-3.png\" alt=\"\" title=\"logo_Liebherr_RGB_noir\" \/><\/div><\/div><figcaption hidden=\"\"><\/figcaption><\/figure><\/div><\/div><div class=\"vce-text-block\"><div class=\"vce-text-block-wrapper vce\" id=\"el-5495edc8\" data-vce-do-apply=\"all el-5495edc8\"><h2 style=\"text-align: center;\">LGPV 6520<\/h2>\n<p>Le mod\u00e8le Liebherr LGPv 6520 offre une capacit\u00e9 de cong\u00e9lation de plus de 600 litres pour un usage m\u00e9dical et de laboratoire. La plage de temp\u00e9rature se situe entre -10 \u00b0C et -35 \u00b0C, l\u2019affichage digital est pr\u00e9cis au 0,1 \u00b0C pr\u00e8s. L\u2019appareil dispose de diff\u00e9rentes alarmes et la date, l\u2019heure et la temp\u00e9rature sont enregistr\u00e9es toutes les 4 minutes.<\/p><\/div><\/div><div class=\"vce-button--style-basic-container vce-button--style-basic-container--align-center\"><span class=\"vce-button--style-basic-wrapper vce\" id=\"el-0c939416\" data-vce-do-apply=\"margin el-0c939416\"><a class=\"vce-button vce-button--style-basic vce-button--style-basic--border-round vce-button--style-basic--size-medium vce-button--style-basic--color-b-218-218-218--b-255-255-255\" href=\"https:\/\/subra-mesures.fr\/wp-content\/uploads\/2024\/04\/LGPv6520-42_fr.pdf\" title=\"\" target=\"_blank\" data-vce-do-apply=\"padding border background  el-0c939416\" rel=\"noopener\">T\u00e9l\u00e9charger le PDF<\/a><\/span><\/div><\/div><\/div><\/div><div class=\"vce-col vce-col--md-auto vce-col--xs-1 vce-col--xs-last vce-col--xs-first vce-col--sm-last vce-col--sm-first\" id=\"el-275b4780\"><div class=\"vce-col-inner\" data-vce-do-apply=\"border margin background  el-275b4780\"><div class=\"vce-col-content\" data-vce-element-content=\"true\" data-vce-do-apply=\"padding el-275b4780\"><div class=\"vce-single-image-container vce-single-image--align-center\"><div class=\"vce vce-single-image-wrapper\" id=\"el-2788546e\" data-vce-do-apply=\"all el-2788546e\"><figure><div class=\"vce-single-image-figure-inner\" style=\"width: 1800px;\"><div class=\"vce-single-image-inner vce-single-image--absolute\" style=\"width: 100%; padding-bottom: 100%;\"><img decoding=\"async\" class=\"vce-single-image\" alt=\"\" title=\"LGPV 8420\" src=\"https:\/\/subra-mesures.fr\/wp-content\/uploads\/2024\/04\/LGPV-8420.jpg\" data-img-src=\"https:\/\/subra-mesures.fr\/wp-content\/uploads\/2024\/04\/LGPV-8420.jpg\"><\/div><\/div><figcaption hidden=\"\"><\/figcaption><\/figure><\/div><\/div><div class=\"vce-single-image-container vce-single-image--align-center\"><div class=\"vce vce-single-image-wrapper\" id=\"el-1643920d\" data-vce-do-apply=\"all el-1643920d\"><figure><div class=\"vce-single-image-figure-inner\" style=\"width: 300px;\"><div class=\"vce-single-image-inner vce-single-image--absolute\" style=\"width: 100%; padding-bottom: 12.3333%;\"><img loading=\"lazy\" decoding=\"async\" class=\"vce-single-image\"  width=\"300\" height=\"37\" srcset=\"https:\/\/subra-mesures.fr\/wp-content\/uploads\/2024\/04\/logo_Liebherr_RGB_noir-2-320x39.png 320w,https:\/\/subra-mesures.fr\/wp-content\/uploads\/2024\/04\/logo_Liebherr_RGB_noir-2-480x59.png 480w,https:\/\/subra-mesures.fr\/wp-content\/uploads\/2024\/04\/logo_Liebherr_RGB_noir-2-800x99.png 800w,https:\/\/subra-mesures.fr\/wp-content\/uploads\/2024\/04\/logo_Liebherr_RGB_noir-2-300x37.png 300w,https:\/\/subra-mesures.fr\/wp-content\/uploads\/2024\/04\/logo_Liebherr_RGB_noir-2-600x74.png 2x\" src=\"https:\/\/subra-mesures.fr\/wp-content\/uploads\/2024\/04\/logo_Liebherr_RGB_noir-2-300x37.png\" data-img-src=\"https:\/\/subra-mesures.fr\/wp-content\/uploads\/2024\/04\/logo_Liebherr_RGB_noir-2.png\" alt=\"\" title=\"logo_Liebherr_RGB_noir\" \/><\/div><\/div><figcaption hidden=\"\"><\/figcaption><\/figure><\/div><\/div><div class=\"vce-text-block\"><div class=\"vce-text-block-wrapper vce\" id=\"el-bea892ab\" data-vce-do-apply=\"all el-bea892ab\"><h2 style=\"text-align: center;\">LGPV 8420<\/h2>\n<p>Le mod\u00e8le Liebherr LGPv 8420 offre une grande capacit\u00e9 de cong\u00e9lation de 850 litres pour un usage m\u00e9dical et de laboratoire. La plage de temp\u00e9rature est r\u00e9glable entre -10 \u00b0C et -35 \u00b0C, l\u2019affichage digital est sur 0,1 \u00b0C pr\u00e9cis. L\u2019\u00e9quipement dispose de diff\u00e9rentes alarmes et la date, l\u2019heure et la temp\u00e9rature sont enregistr\u00e9es toutes les 4 minutes.<\/p><\/div><\/div><div class=\"vce-button--style-basic-container vce-button--style-basic-container--align-center\"><span class=\"vce-button--style-basic-wrapper vce\" id=\"el-bd3b6462\" data-vce-do-apply=\"margin el-bd3b6462\"><a class=\"vce-button vce-button--style-basic vce-button--style-basic--border-round vce-button--style-basic--size-medium vce-button--style-basic--color-b-218-218-218--b-255-255-255\" href=\"https:\/\/subra-mesures.fr\/wp-content\/uploads\/2024\/04\/LGPv8420-41_fr.pdf\" title=\"\" target=\"_blank\" data-vce-do-apply=\"padding border background  el-bd3b6462\" rel=\"noopener\">T\u00e9l\u00e9charger le PDF<\/a><\/span><\/div><\/div><\/div><\/div><div class=\"vce-col vce-col--md-auto vce-col--xs-1 vce-col--xs-last vce-col--xs-first vce-col--sm-last vce-col--sm-first vce-col--md-last vce-col--lg-last vce-col--xl-last\" id=\"el-1f72ce11\"><div class=\"vce-col-inner\" data-vce-do-apply=\"border margin background  el-1f72ce11\"><div class=\"vce-col-content\" data-vce-element-content=\"true\" data-vce-do-apply=\"padding el-1f72ce11\"><div class=\"vce-single-image-container vce-single-image--align-center\"><div class=\"vce vce-single-image-wrapper\" id=\"el-b3924259\" data-vce-do-apply=\"all el-b3924259\"><figure><div class=\"vce-single-image-figure-inner\" style=\"width: 1800px;\"><div class=\"vce-single-image-inner vce-single-image--absolute\" style=\"width: 100%; padding-bottom: 100%;\"><img decoding=\"async\" class=\"vce-single-image\" alt=\"\" title=\"LGPv 1420\" src=\"https:\/\/subra-mesures.fr\/wp-content\/uploads\/2024\/04\/LGPv-1420.jpg\" data-img-src=\"https:\/\/subra-mesures.fr\/wp-content\/uploads\/2024\/04\/LGPv-1420.jpg\"><\/div><\/div><figcaption hidden=\"\"><\/figcaption><\/figure><\/div><\/div><div class=\"vce-single-image-container vce-single-image--align-center\"><div class=\"vce vce-single-image-wrapper\" id=\"el-e14247ed\" data-vce-do-apply=\"all el-e14247ed\"><figure><div class=\"vce-single-image-figure-inner\" style=\"width: 300px;\"><div class=\"vce-single-image-inner vce-single-image--absolute\" style=\"width: 100%; padding-bottom: 12.3333%;\"><img loading=\"lazy\" decoding=\"async\" class=\"vce-single-image\"  width=\"300\" height=\"37\" srcset=\"https:\/\/subra-mesures.fr\/wp-content\/uploads\/2024\/04\/logo_Liebherr_RGB_noir-2-320x39.png 320w,https:\/\/subra-mesures.fr\/wp-content\/uploads\/2024\/04\/logo_Liebherr_RGB_noir-2-480x59.png 480w,https:\/\/subra-mesures.fr\/wp-content\/uploads\/2024\/04\/logo_Liebherr_RGB_noir-2-800x99.png 800w,https:\/\/subra-mesures.fr\/wp-content\/uploads\/2024\/04\/logo_Liebherr_RGB_noir-2-300x37.png 300w,https:\/\/subra-mesures.fr\/wp-content\/uploads\/2024\/04\/logo_Liebherr_RGB_noir-2-600x74.png 2x\" src=\"https:\/\/subra-mesures.fr\/wp-content\/uploads\/2024\/04\/logo_Liebherr_RGB_noir-2-300x37.png\" data-img-src=\"https:\/\/subra-mesures.fr\/wp-content\/uploads\/2024\/04\/logo_Liebherr_RGB_noir-2.png\" alt=\"\" title=\"logo_Liebherr_RGB_noir\" \/><\/div><\/div><figcaption hidden=\"\"><\/figcaption><\/figure><\/div><\/div><div class=\"vce-text-block\"><div class=\"vce-text-block-wrapper vce\" id=\"el-10ec91ff\" data-vce-do-apply=\"all el-10ec91ff\"><h2 style=\"text-align: center;\">LGPV 1420<\/h2>\n<p>Le mod\u00e8le Liebherr LGPv 1420 (double porte) offre une capacit\u00e9 de cong\u00e9lation de plus de 1400 litres pour un usage m\u00e9dical et de laboratoire. La plage de temp\u00e9rature se situe entre -10 \u00b0C et -26 \u00b0C, l\u2019affichage digital est pr\u00e9cis au 0,1 \u00b0C pr\u00e8s. L\u2019appareil dispose de diff\u00e9rentes alarmes et la date, l\u2019heure et la temp\u00e9rature sont enregistr\u00e9es toutes les 4 minutes.<\/p><\/div><\/div><div class=\"vce-button--style-basic-container vce-button--style-basic-container--align-center\"><span class=\"vce-button--style-basic-wrapper vce\" id=\"el-917bf953\" data-vce-do-apply=\"margin el-917bf953\"><a class=\"vce-button vce-button--style-basic vce-button--style-basic--border-round vce-button--style-basic--size-medium vce-button--style-basic--color-b-218-218-218--b-255-255-255\" href=\"https:\/\/subra-mesures.fr\/wp-content\/uploads\/2024\/04\/LGPv1420-42_fr.pdf\" title=\"\" target=\"_blank\" data-vce-do-apply=\"padding border background  el-917bf953\" rel=\"noopener\">T\u00e9l\u00e9charger le PDF<\/a><\/span><\/div><\/div><\/div><\/div><\/div><\/div><\/div><div class=\"vce-row-container\" data-vce-boxed-width=\"true\"><div class=\"vce-row vce-row--col-gap-30 vce-row-equal-height vce-row-content--top\" id=\"el-2082e0ed\" data-vce-do-apply=\"all el-2082e0ed\"><div class=\"vce-row-content\" data-vce-element-content=\"true\"><div class=\"vce-col vce-col--md-auto vce-col--xs-1 vce-col--xs-last vce-col--xs-first vce-col--sm-last vce-col--sm-first vce-col--md-first vce-col--lg-first vce-col--xl-first\" id=\"el-0544e5a1\"><div class=\"vce-col-inner\" data-vce-do-apply=\"border margin background  el-0544e5a1\"><div class=\"vce-col-content\" data-vce-element-content=\"true\" data-vce-do-apply=\"padding el-0544e5a1\"><div><\/div><\/div><\/div><\/div><div class=\"vce-col vce-col--md-auto vce-col--xs-1 vce-col--xs-last vce-col--xs-first vce-col--sm-last vce-col--sm-first vce-col--md-last vce-col--lg-last vce-col--xl-last\" id=\"el-afaa923a\"><div class=\"vce-col-inner\" data-vce-do-apply=\"border margin background  el-afaa923a\"><div class=\"vce-col-content\" data-vce-element-content=\"true\" data-vce-do-apply=\"padding el-afaa923a\"><div><\/div><\/div><\/div><\/div><\/div><\/div><\/div>","protected":false},"excerpt":{"rendered":"","protected":false},"author":1,"featured_media":0,"parent":0,"menu_order":0,"comment_status":"closed","ping_status":"closed","template":"","meta":{"footnotes":""},"_links":{"self":[{"href":"https:\/\/subra-mesures.fr\/index.php\/wp-json\/wp\/v2\/pages\/818"}],"collection":[{"href":"https:\/\/subra-mesures.fr\/index.php\/wp-json\/wp\/v2\/pages"}],"about":[{"href":"https:\/\/subra-mesures.fr\/index.php\/wp-json\/wp\/v2\/types\/page"}],"author":[{"embeddable":true,"href":"https:\/\/subra-mesures.fr\/index.php\/wp-json\/wp\/v2\/users\/1"}],"replies":[{"embeddable":true,"href":"https:\/\/subra-mesures.fr\/index.php\/wp-json\/wp\/v2\/comments?post=818"}],"version-history":[{"count":17,"href":"https:\/\/subra-mesures.fr\/index.php\/wp-json\/wp\/v2\/pages\/818\/revisions"}],"predecessor-version":[{"id":854,"href":"https:\/\/subra-mesures.fr\/index.php\/wp-json\/wp\/v2\/pages\/818\/revisions\/854"}],"wp:attachment":[{"href":"https:\/\/subra-mesures.fr\/index.php\/wp-json\/wp\/v2\/media?parent=818"}],"curies":[{"name":"wp","href":"https:\/\/api.w.org\/{rel}","templated":true}]}}