{"id":862,"date":"2024-04-17T16:11:28","date_gmt":"2024-04-17T14:11:28","guid":{"rendered":"https:\/\/subra-mesures.fr\/?page_id=862"},"modified":"2024-04-19T18:56:58","modified_gmt":"2024-04-19T16:56:58","slug":"nos-etuves","status":"publish","type":"page","link":"https:\/\/subra-mesures.fr\/index.php\/nos-etuves\/","title":{"rendered":"Nos \u00e9tuves"},"content":{"rendered":"<div class=\"vce-row-container\" data-vce-boxed-width=\"true\"><div class=\"vce-row vce-row--col-gap-30 vce-row-equal-height vce-row-content--top\" id=\"el-ff5a3a55\" data-vce-do-apply=\"all el-ff5a3a55\"><div class=\"vce-row-content\" data-vce-element-content=\"true\"><div class=\"vce-col vce-col--md-auto vce-col--xs-1 vce-col--xs-last vce-col--xs-first vce-col--sm-last vce-col--sm-first vce-col--md-last vce-col--lg-last vce-col--xl-last vce-col--md-first vce-col--lg-first vce-col--xl-first\" id=\"el-aebab647\"><div class=\"vce-col-inner\" data-vce-do-apply=\"border margin background  el-aebab647\"><div class=\"vce-col-content\" data-vce-element-content=\"true\" data-vce-do-apply=\"padding el-aebab647\"><div class=\"vce-text-block\"><div class=\"vce-text-block-wrapper vce\" id=\"el-2dde8106\" data-vce-do-apply=\"all el-2dde8106\"><h1 style=\"text-align: center;\">Nos \u00e9tuves<\/h1><\/div><\/div><\/div><\/div><\/div><\/div><\/div><\/div><div class=\"vce-row-container\" data-vce-boxed-width=\"true\"><div class=\"vce-row vce-row--col-gap-30 vce-row-equal-height vce-row-content--top\" id=\"el-39326478\" data-vce-do-apply=\"all el-39326478\"><div class=\"vce-row-content\" data-vce-element-content=\"true\"><div class=\"vce-col vce-col--md-auto vce-col--xs-1 vce-col--xs-last vce-col--xs-first vce-col--sm-last vce-col--sm-first vce-col--md-first vce-col--lg-first vce-col--xl-first\" id=\"el-01d2e0b1\"><div class=\"vce-col-inner\" data-vce-do-apply=\"border margin background  el-01d2e0b1\"><div class=\"vce-col-content\" data-vce-element-content=\"true\" data-vce-do-apply=\"padding el-01d2e0b1\"><div><\/div><\/div><\/div><\/div><div class=\"vce-col vce-col--md-auto vce-col--xs-1 vce-col--xs-last vce-col--xs-first vce-col--sm-last vce-col--sm-first\" id=\"el-91e533d3\"><div class=\"vce-col-inner\" data-vce-do-apply=\"border margin background  el-91e533d3\"><div class=\"vce-col-content\" data-vce-element-content=\"true\" data-vce-do-apply=\"padding el-91e533d3\"><div><\/div><\/div><\/div><\/div><div class=\"vce-col vce-col--md-auto vce-col--xs-1 vce-col--xs-last vce-col--xs-first vce-col--sm-last vce-col--sm-first\" id=\"el-8f8475fd\"><div class=\"vce-col-inner\" data-vce-do-apply=\"border margin background  el-8f8475fd\"><div class=\"vce-col-content\" data-vce-element-content=\"true\" data-vce-do-apply=\"padding el-8f8475fd\"><div><\/div><\/div><\/div><\/div><div class=\"vce-col vce-col--md-auto vce-col--xs-1 vce-col--xs-last vce-col--xs-first vce-col--sm-last vce-col--sm-first vce-col--md-last vce-col--lg-last vce-col--xl-last\" id=\"el-c2c6fd9f\"><div class=\"vce-col-inner\" data-vce-do-apply=\"border margin background  el-c2c6fd9f\"><div class=\"vce-col-content\" data-vce-element-content=\"true\" data-vce-do-apply=\"padding el-c2c6fd9f\"><div><\/div><\/div><\/div><\/div><\/div><\/div><\/div><div class=\"vce-row-container\" data-vce-boxed-width=\"true\"><div class=\"vce-row vce-row--col-gap-30 vce-row-equal-height vce-row-content--top\" id=\"el-3441b622\" data-vce-do-apply=\"all el-3441b622\"><div class=\"vce-row-content\" data-vce-element-content=\"true\"><div class=\"vce-col vce-col--md-auto vce-col--xs-1 vce-col--xs-last vce-col--xs-first vce-col--sm-last vce-col--sm-first vce-col--md-first vce-col--lg-first vce-col--xl-first\" id=\"el-e560799e\"><div class=\"vce-col-inner\" data-vce-do-apply=\"border margin background  el-e560799e\"><div class=\"vce-col-content\" data-vce-element-content=\"true\" data-vce-do-apply=\"padding el-e560799e\"><div class=\"vce-single-image-container vce-single-image--align-center\"><div class=\"vce vce-single-image-wrapper\" id=\"el-d0b3e41e\" data-vce-do-apply=\"all el-d0b3e41e\"><figure><div class=\"vce-single-image-figure-inner\" style=\"width: 188px;\"><div class=\"vce-single-image-inner vce-single-image--absolute\" style=\"width: 100%; padding-bottom: 143.085%;\"><img loading=\"lazy\" decoding=\"async\" class=\"vce-single-image\"  width=\"188\" height=\"269\" srcset=\"https:\/\/subra-mesures.fr\/wp-content\/uploads\/2024\/04\/hettcube-200_-1-188x269.jpg 188w\" src=\"https:\/\/subra-mesures.fr\/wp-content\/uploads\/2024\/04\/hettcube-200_-1-188x269.jpg\" data-img-src=\"https:\/\/subra-mesures.fr\/wp-content\/uploads\/2024\/04\/hettcube-200_-1.jpg\" alt=\"\" title=\"-hettcube-200_\" \/><\/div><\/div><figcaption hidden=\"\"><\/figcaption><\/figure><\/div><\/div><div class=\"vce-single-image-container vce-single-image--align-center\"><div class=\"vce vce-single-image-wrapper\" id=\"el-b9a3e6c7\" data-vce-do-apply=\"all el-b9a3e6c7\"><figure><div class=\"vce-single-image-figure-inner\" style=\"width: 300px;\"><div class=\"vce-single-image-inner vce-single-image--absolute\" style=\"width: 100%; padding-bottom: 18.3333%;\"><img loading=\"lazy\" decoding=\"async\" class=\"vce-single-image\"  width=\"300\" height=\"55\" srcset=\"https:\/\/subra-mesures.fr\/wp-content\/uploads\/2024\/04\/Logo-Hettich-black-320x59.png 320w,https:\/\/subra-mesures.fr\/wp-content\/uploads\/2024\/04\/Logo-Hettich-black-480x88.png 480w,https:\/\/subra-mesures.fr\/wp-content\/uploads\/2024\/04\/Logo-Hettich-black-800x147.png 800w,https:\/\/subra-mesures.fr\/wp-content\/uploads\/2024\/04\/Logo-Hettich-black-300x55.png 300w,https:\/\/subra-mesures.fr\/wp-content\/uploads\/2024\/04\/Logo-Hettich-black-600x110.png 2x\" src=\"https:\/\/subra-mesures.fr\/wp-content\/uploads\/2024\/04\/Logo-Hettich-black-300x55.png\" data-img-src=\"https:\/\/subra-mesures.fr\/wp-content\/uploads\/2024\/04\/Logo-Hettich-black.png\" alt=\"\" title=\"Logo Hettich black\" \/><\/div><\/div><figcaption hidden=\"\"><\/figcaption><\/figure><\/div><\/div><div class=\"vce-text-block\"><div class=\"vce-text-block-wrapper vce\" id=\"el-26ec4448\" data-vce-do-apply=\"all el-26ec4448\"><h2 style=\"text-align: center;\">HettCube 200 - 200R<\/h2>\n<p>Les incubateurs HettCube ont \u00e9t\u00e9 con\u00e7us pour vous garantir les meilleures conditions pour vos \u00e9chantillons. Ils s'int\u00e8grent au mieux dans votre laboratoire en vous offrant un bilan \u00e9conomique et \u00e9cologique avantageux.&nbsp;Le HettCube 200 est id\u00e9al pour toutes les applications exigeantes de microbiologie.<\/p>\n<p>Disponible en version r\u00e9frig\u00e9r\u00e9e (HettCube 200 R), la temp\u00e9rature peut \u00eatre r\u00e9gl\u00e9e entre 0 \u00b0C et +65 \u00b0C<\/p><\/div><\/div><\/div><\/div><\/div><div class=\"vce-col vce-col--md-auto vce-col--xs-1 vce-col--xs-last vce-col--xs-first vce-col--sm-last vce-col--sm-first\" id=\"el-275b4780\"><div class=\"vce-col-inner\" data-vce-do-apply=\"border margin background  el-275b4780\"><div class=\"vce-col-content\" data-vce-element-content=\"true\" data-vce-do-apply=\"padding el-275b4780\"><div class=\"vce-single-image-container vce-single-image--align-center\"><div class=\"vce vce-single-image-wrapper\" id=\"el-2788546e\" data-vce-do-apply=\"all el-2788546e\"><figure><div class=\"vce-single-image-figure-inner\" style=\"width: 194px;\"><div class=\"vce-single-image-inner vce-single-image--absolute\" style=\"width: 100%; padding-bottom: 154.639%;\"><img loading=\"lazy\" decoding=\"async\" class=\"vce-single-image\"  width=\"194\" height=\"300\" src=\"https:\/\/subra-mesures.fr\/wp-content\/uploads\/2024\/04\/hettcube-400.webp\" data-img-src=\"https:\/\/subra-mesures.fr\/wp-content\/uploads\/2024\/04\/hettcube-400.webp\" alt=\"\" title=\"hettcube 400\" \/><\/div><\/div><figcaption hidden=\"\"><\/figcaption><\/figure><\/div><\/div><div class=\"vce-single-image-container vce-single-image--align-center\"><div class=\"vce vce-single-image-wrapper\" id=\"el-1643920d\" data-vce-do-apply=\"all el-1643920d\"><figure><div class=\"vce-single-image-figure-inner\" style=\"width: 300px;\"><div class=\"vce-single-image-inner vce-single-image--absolute\" style=\"width: 100%; padding-bottom: 18.3333%;\"><img loading=\"lazy\" decoding=\"async\" class=\"vce-single-image\"  width=\"300\" height=\"55\" srcset=\"https:\/\/subra-mesures.fr\/wp-content\/uploads\/2024\/04\/Logo-Hettich-black-320x59.png 320w,https:\/\/subra-mesures.fr\/wp-content\/uploads\/2024\/04\/Logo-Hettich-black-480x88.png 480w,https:\/\/subra-mesures.fr\/wp-content\/uploads\/2024\/04\/Logo-Hettich-black-800x147.png 800w,https:\/\/subra-mesures.fr\/wp-content\/uploads\/2024\/04\/Logo-Hettich-black-300x55.png 300w,https:\/\/subra-mesures.fr\/wp-content\/uploads\/2024\/04\/Logo-Hettich-black-600x110.png 2x\" src=\"https:\/\/subra-mesures.fr\/wp-content\/uploads\/2024\/04\/Logo-Hettich-black-300x55.png\" data-img-src=\"https:\/\/subra-mesures.fr\/wp-content\/uploads\/2024\/04\/Logo-Hettich-black.png\" alt=\"\" title=\"Logo Hettich black\" \/><\/div><\/div><figcaption hidden=\"\"><\/figcaption><\/figure><\/div><\/div><div class=\"vce-text-block\"><div class=\"vce-text-block-wrapper vce\" id=\"el-bea892ab\" data-vce-do-apply=\"all el-bea892ab\"><h2 style=\"text-align: center;\">HettCube 400 - 400R<\/h2>\n<p>Les incubateurs HettCube ont \u00e9t\u00e9 con\u00e7us pour vous garantir les meilleures conditions pour vos \u00e9chantillons. Ils s'int\u00e8grent au mieux dans votre laboratoire en vous offrant un bilan \u00e9conomique et \u00e9cologique avantageux.<\/p>\n<p>Gr\u00e2ce \u00e0 son volume et ses accessoires polyvalents, le HettCube 400 est parfait pour les applications de l\u2019industrie pharmaceutique, les centres de recherche et les analyses de produits alimentaires.<\/p>\n<p>Le mod\u00e8le est \u00e9galement disponible en version r\u00e9frig\u00e9r\u00e9e. La temp\u00e9rature peut \u00eatre r\u00e9gl\u00e9e entre 0 \u00b0C et +65 \u00b0C (HettCube 400 R).<\/p><\/div><\/div><\/div><\/div><\/div><div class=\"vce-col vce-col--md-auto vce-col--xs-1 vce-col--xs-last vce-col--xs-first vce-col--sm-last vce-col--sm-first vce-col--md-last vce-col--lg-last vce-col--xl-last\" id=\"el-f028148a\"><div class=\"vce-col-inner\" data-vce-do-apply=\"border margin background  el-f028148a\"><div class=\"vce-col-content\" data-vce-element-content=\"true\" data-vce-do-apply=\"padding el-f028148a\"><div class=\"vce-single-image-container vce-single-image--align-center\" id=\"MEDIUM\"><div class=\"vce vce-single-image-wrapper\" id=\"el-d7780cc2\" data-vce-do-apply=\"all el-d7780cc2\"><figure><div class=\"vce-single-image-figure-inner\" style=\"width: 190px;\"><div class=\"vce-single-image-inner vce-single-image--absolute\" style=\"width: 100%; padding-bottom: 157.895%;\"><img loading=\"lazy\" decoding=\"async\" class=\"vce-single-image\"  width=\"190\" height=\"300\" srcset=\"https:\/\/subra-mesures.fr\/wp-content\/uploads\/2024\/04\/hettcube-600_-320x505.jpg 320w,https:\/\/subra-mesures.fr\/wp-content\/uploads\/2024\/04\/hettcube-600_-480x758.jpg 480w,https:\/\/subra-mesures.fr\/wp-content\/uploads\/2024\/04\/hettcube-600_-800x1263.jpg 800w,https:\/\/subra-mesures.fr\/wp-content\/uploads\/2024\/04\/hettcube-600_-190x300.jpg 190w,https:\/\/subra-mesures.fr\/wp-content\/uploads\/2024\/04\/hettcube-600_-380x600.jpg 2x\" src=\"https:\/\/subra-mesures.fr\/wp-content\/uploads\/2024\/04\/hettcube-600_-190x300.jpg\" data-img-src=\"https:\/\/subra-mesures.fr\/wp-content\/uploads\/2024\/04\/hettcube-600_.jpg\" alt=\"\" title=\"-hettcube-600_\" \/><\/div><\/div><figcaption hidden=\"\"><\/figcaption><\/figure><\/div><\/div><div class=\"vce-single-image-container vce-single-image--align-center\"><div class=\"vce vce-single-image-wrapper\" id=\"el-8bcb19fb\" data-vce-do-apply=\"all el-8bcb19fb\"><figure><div class=\"vce-single-image-figure-inner\" style=\"width: 300px;\"><div class=\"vce-single-image-inner vce-single-image--absolute\" style=\"width: 100%; padding-bottom: 18.3333%;\"><img loading=\"lazy\" decoding=\"async\" class=\"vce-single-image\"  width=\"300\" height=\"55\" srcset=\"https:\/\/subra-mesures.fr\/wp-content\/uploads\/2024\/04\/Logo-Hettich-black-320x59.png 320w,https:\/\/subra-mesures.fr\/wp-content\/uploads\/2024\/04\/Logo-Hettich-black-480x88.png 480w,https:\/\/subra-mesures.fr\/wp-content\/uploads\/2024\/04\/Logo-Hettich-black-800x147.png 800w,https:\/\/subra-mesures.fr\/wp-content\/uploads\/2024\/04\/Logo-Hettich-black-300x55.png 300w,https:\/\/subra-mesures.fr\/wp-content\/uploads\/2024\/04\/Logo-Hettich-black-600x110.png 2x\" src=\"https:\/\/subra-mesures.fr\/wp-content\/uploads\/2024\/04\/Logo-Hettich-black-300x55.png\" data-img-src=\"https:\/\/subra-mesures.fr\/wp-content\/uploads\/2024\/04\/Logo-Hettich-black.png\" alt=\"\" title=\"Logo Hettich black\" \/><\/div><\/div><figcaption hidden=\"\"><\/figcaption><\/figure><\/div><\/div><div class=\"vce-text-block\"><div class=\"vce-text-block-wrapper vce\" id=\"el-5495edc8\" data-vce-do-apply=\"all el-5495edc8\"><h2 style=\"text-align: center;\">HettCube 600 - 600R<\/h2>\n<p>Les incubateurs HettCube ont \u00e9t\u00e9 con\u00e7us pour vous garantir les meilleures conditions pour vos \u00e9chantillons. Ils s'int\u00e8grent au mieux dans votre laboratoire en vous offrant un bilan \u00e9conomique et \u00e9cologique avantageux.<\/p>\n<p>Permettant la m\u00eame diversit\u00e9 d\u2019applications que le HettCube 400, il dispose d\u2019un volume int\u00e9rieur plus grand et d\u2019un volume utile valid\u00e9 sup\u00e9rieur de 152 l. Le HettCube 600 peut accueillir 1 500 bo\u00eetes de Petri.<\/p>\n<p>Le mod\u00e8le est \u00e9galement disponible en version r\u00e9frig\u00e9r\u00e9e. La temp\u00e9rature peut \u00eatre r\u00e9gl\u00e9e entre 0 \u00b0C et +65 \u00b0C (HettCube 600 R).<\/p><\/div><\/div><\/div><\/div><\/div><\/div><\/div><\/div><div class=\"vce-row-container\" data-vce-boxed-width=\"true\"><div class=\"vce-row vce-row--col-gap-30 vce-row-equal-height vce-row-content--top\" id=\"el-2082e0ed\" data-vce-do-apply=\"all el-2082e0ed\"><div class=\"vce-row-content\" data-vce-element-content=\"true\"><div class=\"vce-col vce-col--md-auto vce-col--xs-1 vce-col--xs-last vce-col--xs-first vce-col--sm-last vce-col--sm-first vce-col--md-last vce-col--lg-last vce-col--xl-last vce-col--md-first vce-col--lg-first vce-col--xl-first\" id=\"el-0544e5a1\"><div class=\"vce-col-inner\" data-vce-do-apply=\"border margin background  el-0544e5a1\"><div class=\"vce-col-content\" data-vce-element-content=\"true\" data-vce-do-apply=\"padding el-0544e5a1\"><div class=\"vce-button--style-basic-container vce-button--style-basic-container--align-center\"><span class=\"vce-button--style-basic-wrapper vce\" id=\"el-bd3b6462\" data-vce-do-apply=\"margin el-bd3b6462\"><a class=\"vce-button vce-button--style-basic vce-button--style-basic--border-round vce-button--style-basic--size-medium vce-button--style-basic--color-b-218-218-218--b-255-255-255\" href=\"https:\/\/subra-mesures.fr\/wp-content\/uploads\/2024\/04\/HettCube_FR_low-res.pdf\" title=\"\" target=\"_blank\" data-vce-do-apply=\"padding border background  el-bd3b6462\" rel=\"noopener\">T\u00e9l\u00e9charger le PDF<\/a><\/span><\/div><\/div><\/div><\/div><\/div><\/div><\/div>","protected":false},"excerpt":{"rendered":"","protected":false},"author":1,"featured_media":0,"parent":0,"menu_order":0,"comment_status":"closed","ping_status":"closed","template":"","meta":{"footnotes":""},"_links":{"self":[{"href":"https:\/\/subra-mesures.fr\/index.php\/wp-json\/wp\/v2\/pages\/862"}],"collection":[{"href":"https:\/\/subra-mesures.fr\/index.php\/wp-json\/wp\/v2\/pages"}],"about":[{"href":"https:\/\/subra-mesures.fr\/index.php\/wp-json\/wp\/v2\/types\/page"}],"author":[{"embeddable":true,"href":"https:\/\/subra-mesures.fr\/index.php\/wp-json\/wp\/v2\/users\/1"}],"replies":[{"embeddable":true,"href":"https:\/\/subra-mesures.fr\/index.php\/wp-json\/wp\/v2\/comments?post=862"}],"version-history":[{"count":16,"href":"https:\/\/subra-mesures.fr\/index.php\/wp-json\/wp\/v2\/pages\/862\/revisions"}],"predecessor-version":[{"id":967,"href":"https:\/\/subra-mesures.fr\/index.php\/wp-json\/wp\/v2\/pages\/862\/revisions\/967"}],"wp:attachment":[{"href":"https:\/\/subra-mesures.fr\/index.php\/wp-json\/wp\/v2\/media?parent=862"}],"curies":[{"name":"wp","href":"https:\/\/api.w.org\/{rel}","templated":true}]}}