{"id":925,"date":"2024-04-19T17:13:33","date_gmt":"2024-04-19T15:13:33","guid":{"rendered":"https:\/\/subra-mesures.fr\/?page_id=925"},"modified":"2024-04-19T22:36:52","modified_gmt":"2024-04-19T20:36:52","slug":"nos-psm-poste-securite-microbiologique","status":"publish","type":"page","link":"https:\/\/subra-mesures.fr\/index.php\/nos-psm-poste-securite-microbiologique\/","title":{"rendered":"Nos PSM"},"content":{"rendered":"<div class=\"vce-row-container\" data-vce-boxed-width=\"true\"><div class=\"vce-row vce-row--col-gap-30 vce-row-equal-height vce-row-content--top\" id=\"el-ff5a3a55\" data-vce-do-apply=\"all el-ff5a3a55\"><div class=\"vce-row-content\" data-vce-element-content=\"true\"><div class=\"vce-col vce-col--md-auto vce-col--xs-1 vce-col--xs-last vce-col--xs-first vce-col--sm-last vce-col--sm-first vce-col--md-last vce-col--lg-last vce-col--xl-last vce-col--md-first vce-col--lg-first vce-col--xl-first\" id=\"el-aebab647\"><div class=\"vce-col-inner\" data-vce-do-apply=\"border margin background  el-aebab647\"><div class=\"vce-col-content\" data-vce-element-content=\"true\" data-vce-do-apply=\"padding el-aebab647\"><div class=\"vce-text-block\"><div class=\"vce-text-block-wrapper vce\" id=\"el-2dde8106\" data-vce-do-apply=\"all el-2dde8106\"><h1 style=\"text-align: center;\">Nos PSM-Poste S\u00e9curit\u00e9 Microbiologique<\/h1><\/div><\/div><\/div><\/div><\/div><\/div><\/div><\/div><div class=\"vce-row-container\" data-vce-boxed-width=\"true\"><div class=\"vce-row vce-row--col-gap-30 vce-row-equal-height vce-row-content--top\" id=\"el-39326478\" data-vce-do-apply=\"all el-39326478\"><div class=\"vce-row-content\" data-vce-element-content=\"true\"><div class=\"vce-col vce-col--md-auto vce-col--xs-1 vce-col--xs-last vce-col--xs-first vce-col--sm-last vce-col--sm-first vce-col--md-first vce-col--lg-first vce-col--xl-first\" id=\"el-01d2e0b1\"><div class=\"vce-col-inner\" data-vce-do-apply=\"border margin background  el-01d2e0b1\"><div class=\"vce-col-content\" data-vce-element-content=\"true\" data-vce-do-apply=\"padding el-01d2e0b1\"><div><\/div><\/div><\/div><\/div><div class=\"vce-col vce-col--md-auto vce-col--xs-1 vce-col--xs-last vce-col--xs-first vce-col--sm-last vce-col--sm-first\" id=\"el-91e533d3\"><div class=\"vce-col-inner\" data-vce-do-apply=\"border margin background  el-91e533d3\"><div class=\"vce-col-content\" data-vce-element-content=\"true\" data-vce-do-apply=\"padding el-91e533d3\"><div><\/div><\/div><\/div><\/div><div class=\"vce-col vce-col--md-auto vce-col--xs-1 vce-col--xs-last vce-col--xs-first vce-col--sm-last vce-col--sm-first\" id=\"el-8f8475fd\"><div class=\"vce-col-inner\" data-vce-do-apply=\"border margin background  el-8f8475fd\"><div class=\"vce-col-content\" data-vce-element-content=\"true\" data-vce-do-apply=\"padding el-8f8475fd\"><div><\/div><\/div><\/div><\/div><div class=\"vce-col vce-col--md-auto vce-col--xs-1 vce-col--xs-last vce-col--xs-first vce-col--sm-last vce-col--sm-first vce-col--md-last vce-col--lg-last vce-col--xl-last\" id=\"el-c2c6fd9f\"><div class=\"vce-col-inner\" data-vce-do-apply=\"border margin background  el-c2c6fd9f\"><div class=\"vce-col-content\" data-vce-element-content=\"true\" data-vce-do-apply=\"padding el-c2c6fd9f\"><div><\/div><\/div><\/div><\/div><\/div><\/div><\/div><div class=\"vce-row-container\" data-vce-boxed-width=\"true\"><div class=\"vce-row vce-row--col-gap-30 vce-row-equal-height vce-row-content--top\" id=\"el-3441b622\" data-vce-do-apply=\"all el-3441b622\"><div class=\"vce-row-content\" data-vce-element-content=\"true\"><div class=\"vce-col vce-col--md-auto vce-col--xs-1 vce-col--xs-last vce-col--xs-first vce-col--sm-last vce-col--sm-first vce-col--md-first vce-col--lg-first vce-col--xl-first\" id=\"el-e560799e\"><div class=\"vce-col-inner\" data-vce-do-apply=\"border margin background  el-e560799e\"><div class=\"vce-col-content\" data-vce-element-content=\"true\" data-vce-do-apply=\"padding el-e560799e\"><div class=\"vce-single-image-container vce-single-image--align-center\"><div class=\"vce vce-single-image-wrapper\" id=\"el-d0b3e41e\" data-vce-do-apply=\"all el-d0b3e41e\"><figure><div class=\"vce-single-image-figure-inner\" style=\"width: 193px;\"><div class=\"vce-single-image-inner vce-single-image--absolute\" style=\"width: 100%; padding-bottom: 155.44%;\"><img loading=\"lazy\" decoding=\"async\" class=\"vce-single-image\"  width=\"193\" height=\"300\" srcset=\"https:\/\/subra-mesures.fr\/wp-content\/uploads\/2024\/04\/airstream-class-ii-type-b2-total-exhaust-biosafety-cabinets-hd-320x497.png 320w,https:\/\/subra-mesures.fr\/wp-content\/uploads\/2024\/04\/airstream-class-ii-type-b2-total-exhaust-biosafety-cabinets-hd-480x746.png 480w,https:\/\/subra-mesures.fr\/wp-content\/uploads\/2024\/04\/airstream-class-ii-type-b2-total-exhaust-biosafety-cabinets-hd-800x1244.png 800w,https:\/\/subra-mesures.fr\/wp-content\/uploads\/2024\/04\/airstream-class-ii-type-b2-total-exhaust-biosafety-cabinets-hd-193x300.png 193w,https:\/\/subra-mesures.fr\/wp-content\/uploads\/2024\/04\/airstream-class-ii-type-b2-total-exhaust-biosafety-cabinets-hd-386x600.png 2x\" src=\"https:\/\/subra-mesures.fr\/wp-content\/uploads\/2024\/04\/airstream-class-ii-type-b2-total-exhaust-biosafety-cabinets-hd-193x300.png\" data-img-src=\"https:\/\/subra-mesures.fr\/wp-content\/uploads\/2024\/04\/airstream-class-ii-type-b2-total-exhaust-biosafety-cabinets-hd.png\" alt=\"\" title=\"airstream-class-ii-type-b2-total-exhaust-biosafety-cabinets-hd\" \/><\/div><\/div><figcaption hidden=\"\"><\/figcaption><\/figure><\/div><\/div><div class=\"vce-single-image-container vce-single-image--align-center\"><div class=\"vce vce-single-image-wrapper\" id=\"el-b9a3e6c7\" data-vce-do-apply=\"all el-b9a3e6c7\"><figure><div class=\"vce-single-image-figure-inner\" style=\"width: 300px;\"><div class=\"vce-single-image-inner vce-single-image--absolute\" style=\"width: 100%; padding-bottom: 40%;\"><img loading=\"lazy\" decoding=\"async\" class=\"vce-single-image\"  width=\"300\" height=\"120\" srcset=\"https:\/\/subra-mesures.fr\/wp-content\/uploads\/2024\/04\/ESCO-LIFESCIENCES-GROUP_LOGO-320x128.png 320w,https:\/\/subra-mesures.fr\/wp-content\/uploads\/2024\/04\/ESCO-LIFESCIENCES-GROUP_LOGO-480x192.png 480w,https:\/\/subra-mesures.fr\/wp-content\/uploads\/2024\/04\/ESCO-LIFESCIENCES-GROUP_LOGO-800x320.png 800w,https:\/\/subra-mesures.fr\/wp-content\/uploads\/2024\/04\/ESCO-LIFESCIENCES-GROUP_LOGO-300x120.png 300w,https:\/\/subra-mesures.fr\/wp-content\/uploads\/2024\/04\/ESCO-LIFESCIENCES-GROUP_LOGO-600x240.png 2x\" src=\"https:\/\/subra-mesures.fr\/wp-content\/uploads\/2024\/04\/ESCO-LIFESCIENCES-GROUP_LOGO-300x120.png\" data-img-src=\"https:\/\/subra-mesures.fr\/wp-content\/uploads\/2024\/04\/ESCO-LIFESCIENCES-GROUP_LOGO.png\" alt=\"\" title=\"ESCO LIFESCIENCES GROUP_LOGO\" \/><\/div><\/div><figcaption hidden=\"\"><\/figcaption><\/figure><\/div><\/div><div class=\"vce-text-block\"><div class=\"vce-text-block-wrapper vce\" id=\"el-26ec4448\" data-vce-do-apply=\"all el-26ec4448\"><h2 style=\"text-align: center;\">AIRSTREAM<\/h2>\r\n<p class=\"content data\" style=\"text-align: center;\"><strong>ESCO Airstream - Armoires de s\u00e9curit\u00e9 microbiologique classe II selon DIN EN 12469<\/strong><\/p>\r\n<p>&nbsp;<\/p>\r\n<p><span class=\"fontstyle0\">Le poste de s\u00e9curit\u00e9 le plus \u00e9conome, le plus silencieux et le plus compact au monde. <strong>L'airstream<\/strong> est \u00e9quipe d'un moteur ECM \u00e9co \u00e9nerg\u00e9tique permettant une faible consommation d'\u00e9nergie. il saura vous s\u00e9duire par sa discr\u00e9tion (moins de 59dBA). Disponible avec des parois en inox ou en verre.<\/span><\/p><\/div><\/div><div class=\"vce-button--style-basic-container vce-button--style-basic-container--align-center\"><span class=\"vce-button--style-basic-wrapper vce\" id=\"el-530a4e22\" data-vce-do-apply=\"margin el-530a4e22\"><a class=\"vce-button vce-button--style-basic vce-button--style-basic--border-round vce-button--style-basic--size-medium vce-button--style-basic--color-b-218-218-218--b-255-255-255\" href=\"https:\/\/subra-mesures.fr\/wp-content\/uploads\/2024\/04\/Brochure-Airstream.pdf\" title=\"\" target=\"_blank\" data-vce-do-apply=\"padding border background  el-530a4e22\" rel=\"noopener\">T\u00e9l\u00e9charger le PDF<\/a><\/span><\/div><\/div><\/div><\/div><div class=\"vce-col vce-col--md-auto vce-col--xs-1 vce-col--xs-last vce-col--xs-first vce-col--sm-last vce-col--sm-first vce-col--md-last vce-col--lg-last vce-col--xl-last\" id=\"el-f028148a\"><div class=\"vce-col-inner\" data-vce-do-apply=\"border margin background  el-f028148a\"><div class=\"vce-col-content\" data-vce-element-content=\"true\" data-vce-do-apply=\"padding el-f028148a\"><div class=\"vce-single-image-container vce-single-image--align-center\" id=\"MEDIUM\"><div class=\"vce vce-single-image-wrapper\" id=\"el-d7780cc2\" data-vce-do-apply=\"all el-d7780cc2\"><figure><div class=\"vce-single-image-figure-inner\" style=\"width: 198px;\"><div class=\"vce-single-image-inner vce-single-image--absolute\" style=\"width: 100%; padding-bottom: 151.515%;\"><img loading=\"lazy\" decoding=\"async\" class=\"vce-single-image\"  width=\"198\" height=\"300\" srcset=\"https:\/\/subra-mesures.fr\/wp-content\/uploads\/2024\/04\/airstream-plis-320x485.jpg 320w,https:\/\/subra-mesures.fr\/wp-content\/uploads\/2024\/04\/airstream-plis-480x727.jpg 480w,https:\/\/subra-mesures.fr\/wp-content\/uploads\/2024\/04\/airstream-plis-800x1212.jpg 800w,https:\/\/subra-mesures.fr\/wp-content\/uploads\/2024\/04\/airstream-plis-198x300.jpg 198w,https:\/\/subra-mesures.fr\/wp-content\/uploads\/2024\/04\/airstream-plis-396x600.jpg 2x\" src=\"https:\/\/subra-mesures.fr\/wp-content\/uploads\/2024\/04\/airstream-plis-198x300.jpg\" data-img-src=\"https:\/\/subra-mesures.fr\/wp-content\/uploads\/2024\/04\/airstream-plis.jpg\" alt=\"\" title=\"airstream plis\" \/><\/div><\/div><figcaption hidden=\"\"><\/figcaption><\/figure><\/div><\/div><div class=\"vce-single-image-container vce-single-image--align-center\"><div class=\"vce vce-single-image-wrapper\" id=\"el-8bcb19fb\" data-vce-do-apply=\"all el-8bcb19fb\"><figure><div class=\"vce-single-image-figure-inner\" style=\"width: 300px;\"><div class=\"vce-single-image-inner vce-single-image--absolute\" style=\"width: 100%; padding-bottom: 40%;\"><img loading=\"lazy\" decoding=\"async\" class=\"vce-single-image\"  width=\"300\" height=\"120\" srcset=\"https:\/\/subra-mesures.fr\/wp-content\/uploads\/2024\/04\/ESCO-LIFESCIENCES-GROUP_LOGO-1-320x128.png 320w,https:\/\/subra-mesures.fr\/wp-content\/uploads\/2024\/04\/ESCO-LIFESCIENCES-GROUP_LOGO-1-480x192.png 480w,https:\/\/subra-mesures.fr\/wp-content\/uploads\/2024\/04\/ESCO-LIFESCIENCES-GROUP_LOGO-1-800x320.png 800w,https:\/\/subra-mesures.fr\/wp-content\/uploads\/2024\/04\/ESCO-LIFESCIENCES-GROUP_LOGO-1-300x120.png 300w,https:\/\/subra-mesures.fr\/wp-content\/uploads\/2024\/04\/ESCO-LIFESCIENCES-GROUP_LOGO-1-600x240.png 2x\" src=\"https:\/\/subra-mesures.fr\/wp-content\/uploads\/2024\/04\/ESCO-LIFESCIENCES-GROUP_LOGO-1-300x120.png\" data-img-src=\"https:\/\/subra-mesures.fr\/wp-content\/uploads\/2024\/04\/ESCO-LIFESCIENCES-GROUP_LOGO-1.png\" alt=\"\" title=\"ESCO LIFESCIENCES GROUP_LOGO\" \/><\/div><\/div><figcaption hidden=\"\"><\/figcaption><\/figure><\/div><\/div><div class=\"vce-text-block\"><div class=\"vce-text-block-wrapper vce\" id=\"el-5495edc8\" data-vce-do-apply=\"all el-5495edc8\"><h2 style=\"text-align: center;\">AIRSTREAM PLUS<\/h2>\r\n<p class=\"content data\" style=\"text-align: center;\"><strong>ESCO Airstream Plus - Armoires de s\u00e9curit\u00e9 microbiologique classe II selon DIN EN 12469<\/strong><\/p>\r\n<p>&nbsp;<\/p>\r\n<p><span class=\"fontstyle0\">Le poste de s\u00e9curit\u00e9 le plus \u00e9conome, le plus silencieux et le plus compact au monde. <strong>L'airstream PLUS<\/strong> est \u00e9quipe d'un moteur ECM \u00e9co \u00e9nerg\u00e9tique permettant une faible consommation d'\u00e9nergie. Ce mod\u00e8le est \u00e9quip\u00e9 d'une vitre motoris\u00e9e il saura vous s\u00e9duire par sa discr\u00e9tion absolue (moins de 56dBA). Disponible avec des parois en inox ou en verre.<\/span><\/p><\/div><\/div><div class=\"vce-button--style-basic-container vce-button--style-basic-container--align-center\"><span class=\"vce-button--style-basic-wrapper vce\" id=\"el-0c939416\" data-vce-do-apply=\"margin el-0c939416\"><a class=\"vce-button vce-button--style-basic vce-button--style-basic--border-round vce-button--style-basic--size-medium vce-button--style-basic--color-b-218-218-218--b-255-255-255\" href=\"https:\/\/subra-mesures.fr\/wp-content\/uploads\/2024\/04\/Brochure-Airstream-Plus.pdf\" title=\"\" target=\"_blank\" data-vce-do-apply=\"padding border background  el-0c939416\" rel=\"noopener\">T\u00e9l\u00e9charger le PDF<\/a><\/span><\/div><\/div><\/div><\/div><\/div><\/div><\/div><div class=\"vce-row-container\" data-vce-boxed-width=\"true\"><div class=\"vce-row vce-row--col-gap-30 vce-row-equal-height vce-row-content--top\" id=\"el-53442e76\" data-vce-do-apply=\"all el-53442e76\"><div class=\"vce-row-content\" data-vce-element-content=\"true\"><div class=\"vce-col vce-col--md-auto vce-col--xs-1 vce-col--xs-last vce-col--xs-first vce-col--sm-last vce-col--sm-first vce-col--md-last vce-col--lg-last vce-col--xl-last vce-col--md-first vce-col--lg-first vce-col--xl-first\" id=\"el-fada9c6c\"><div class=\"vce-col-inner\" data-vce-do-apply=\"border margin background  el-fada9c6c\"><div class=\"vce-col-content\" data-vce-element-content=\"true\" data-vce-do-apply=\"padding el-fada9c6c\"><div class=\"vce-single-image-container vce-single-image--align-center\"><div class=\"vce vce-single-image-wrapper\" id=\"el-a9f65ac4\" data-vce-do-apply=\"all el-a9f65ac4\"><figure><div class=\"vce-single-image-figure-inner\" style=\"width: 186px;\"><div class=\"vce-single-image-inner vce-single-image--absolute\" style=\"width: 100%; padding-bottom: 161.29%;\"><img loading=\"lazy\" decoding=\"async\" class=\"vce-single-image\"  width=\"186\" height=\"300\" srcset=\"https:\/\/subra-mesures.fr\/wp-content\/uploads\/2024\/04\/LA2-4S-G4-1-320x516.png 320w,https:\/\/subra-mesures.fr\/wp-content\/uploads\/2024\/04\/LA2-4S-G4-1-480x774.png 480w,https:\/\/subra-mesures.fr\/wp-content\/uploads\/2024\/04\/LA2-4S-G4-1-800x1290.png 800w,https:\/\/subra-mesures.fr\/wp-content\/uploads\/2024\/04\/LA2-4S-G4-1-186x300.png 186w,https:\/\/subra-mesures.fr\/wp-content\/uploads\/2024\/04\/LA2-4S-G4-1-372x600.png 2x\" src=\"https:\/\/subra-mesures.fr\/wp-content\/uploads\/2024\/04\/LA2-4S-G4-1-186x300.png\" data-img-src=\"https:\/\/subra-mesures.fr\/wp-content\/uploads\/2024\/04\/LA2-4S-G4-1.png\" alt=\"\" title=\"LA2-4S-G4\" \/><\/div><\/div><figcaption hidden=\"\"><\/figcaption><\/figure><\/div><\/div><div class=\"vce-single-image-container vce-single-image--align-center\"><div class=\"vce vce-single-image-wrapper\" id=\"el-46e06126\" data-vce-do-apply=\"all el-46e06126\"><figure><div class=\"vce-single-image-figure-inner\" style=\"width: 300px;\"><div class=\"vce-single-image-inner vce-single-image--absolute\" style=\"width: 100%; padding-bottom: 40%;\"><img loading=\"lazy\" decoding=\"async\" class=\"vce-single-image\"  width=\"300\" height=\"120\" srcset=\"https:\/\/subra-mesures.fr\/wp-content\/uploads\/2024\/04\/ESCO-LIFESCIENCES-GROUP_LOGO-320x128.png 320w,https:\/\/subra-mesures.fr\/wp-content\/uploads\/2024\/04\/ESCO-LIFESCIENCES-GROUP_LOGO-480x192.png 480w,https:\/\/subra-mesures.fr\/wp-content\/uploads\/2024\/04\/ESCO-LIFESCIENCES-GROUP_LOGO-800x320.png 800w,https:\/\/subra-mesures.fr\/wp-content\/uploads\/2024\/04\/ESCO-LIFESCIENCES-GROUP_LOGO-300x120.png 300w,https:\/\/subra-mesures.fr\/wp-content\/uploads\/2024\/04\/ESCO-LIFESCIENCES-GROUP_LOGO-600x240.png 2x\" src=\"https:\/\/subra-mesures.fr\/wp-content\/uploads\/2024\/04\/ESCO-LIFESCIENCES-GROUP_LOGO-300x120.png\" data-img-src=\"https:\/\/subra-mesures.fr\/wp-content\/uploads\/2024\/04\/ESCO-LIFESCIENCES-GROUP_LOGO.png\" alt=\"\" title=\"ESCO LIFESCIENCES GROUP_LOGO\" \/><\/div><\/div><figcaption hidden=\"\"><\/figcaption><\/figure><\/div><\/div><div class=\"vce-text-block\"><div class=\"vce-text-block-wrapper vce\" id=\"el-cee7fbe4\" data-vce-do-apply=\"all el-cee7fbe4\"><h2 style=\"text-align: center;\">&nbsp;<span class=\"fontstyle0\">LABCULTURE<\/span><span class=\"fontstyle1\">\u00ae <\/span><span class=\"fontstyle0\">PLUS G4 (LA2-EU)<\/span><\/h2>\r\n<p class=\"content data\" style=\"text-align: center;\"><strong>ESCO Airstream - Armoires de s\u00e9curit\u00e9 microbiologique classe II selon DIN EN 12469<\/strong><\/p>\r\n<p>&nbsp;<\/p>\r\n<p><span class=\"fontstyle0\">Ce \u00e9quipement derni\u00e8re g\u00e9n\u00e9ration saura vous s\u00e9duire gr\u00e2ce \u00e0 sa toute derni\u00e8re innovation : <span style=\"font-size: 16pt;\"><strong>sa vitre motoris\u00e9e peut \u00eatre bascul\u00e9e pour un nettoyage optimale<\/strong><\/span>, un atout majeur dans le cadre d'une hygi\u00e8ne stricte.<br>&nbsp;<strong>Le LABCULTURE PLUS G4<\/strong> est \u00e9quip\u00e9 d'un moteur ECM \u00e9co \u00e9nerg\u00e9tique permettant une faible consommation d'\u00e9nergie. En mode veille, il r\u00e9duit sa consommation de 80%. Son niveau sonore est tr\u00e8s faible (moins de 58dBA).<\/span><\/p>\r\n<p>Sur ce mod\u00e8le, il est \u00e9galement possible de varier l'intensit\u00e9 lumineuse de la lampe LED.<\/p>\r\n<p><span class=\"fontstyle0\">Disponible avec des parois en inox ou en verre.<\/span><\/p><\/div><\/div><div class=\"vce-button--style-basic-container vce-button--style-basic-container--align-center\"><span class=\"vce-button--style-basic-wrapper vce\" id=\"el-f8a33462\" data-vce-do-apply=\"margin el-f8a33462\"><a class=\"vce-button vce-button--style-basic vce-button--style-basic--border-round vce-button--style-basic--size-medium vce-button--style-basic--color-b-218-218-218--b-255-255-255\" href=\"https:\/\/subra-mesures.fr\/wp-content\/uploads\/2024\/04\/FR-9010627_LA2-EU-Labculture-Gen-4-BSC-A4_French.pdf\" title=\"\" target=\"_blank\" data-vce-do-apply=\"padding border background  el-f8a33462\" rel=\"noopener\">T\u00e9l\u00e9charger le PDF<\/a><\/span><\/div><\/div><\/div><\/div><\/div><\/div><\/div><div class=\"vce-row-container\" data-vce-boxed-width=\"true\"><div class=\"vce-row vce-row--col-gap-30 vce-row-equal-height vce-row-content--top\" id=\"el-2082e0ed\" data-vce-do-apply=\"all el-2082e0ed\"><div class=\"vce-row-content\" data-vce-element-content=\"true\"><div class=\"vce-col vce-col--md-auto vce-col--xs-1 vce-col--xs-last vce-col--xs-first vce-col--sm-last vce-col--sm-first vce-col--md-first vce-col--lg-first vce-col--xl-first\" id=\"el-0544e5a1\"><div class=\"vce-col-inner\" data-vce-do-apply=\"border margin background  el-0544e5a1\"><div class=\"vce-col-content\" data-vce-element-content=\"true\" data-vce-do-apply=\"padding el-0544e5a1\"><div><\/div><\/div><\/div><\/div><div class=\"vce-col vce-col--md-auto vce-col--xs-1 vce-col--xs-last vce-col--xs-first vce-col--sm-last vce-col--sm-first vce-col--md-last vce-col--lg-last vce-col--xl-last\" id=\"el-afaa923a\"><div class=\"vce-col-inner\" data-vce-do-apply=\"border margin background  el-afaa923a\"><div class=\"vce-col-content\" data-vce-element-content=\"true\" data-vce-do-apply=\"padding el-afaa923a\"><div><\/div><\/div><\/div><\/div><\/div><\/div><\/div>","protected":false},"excerpt":{"rendered":"","protected":false},"author":1,"featured_media":0,"parent":0,"menu_order":0,"comment_status":"closed","ping_status":"closed","template":"","meta":{"footnotes":""},"_links":{"self":[{"href":"https:\/\/subra-mesures.fr\/index.php\/wp-json\/wp\/v2\/pages\/925"}],"collection":[{"href":"https:\/\/subra-mesures.fr\/index.php\/wp-json\/wp\/v2\/pages"}],"about":[{"href":"https:\/\/subra-mesures.fr\/index.php\/wp-json\/wp\/v2\/types\/page"}],"author":[{"embeddable":true,"href":"https:\/\/subra-mesures.fr\/index.php\/wp-json\/wp\/v2\/users\/1"}],"replies":[{"embeddable":true,"href":"https:\/\/subra-mesures.fr\/index.php\/wp-json\/wp\/v2\/comments?post=925"}],"version-history":[{"count":28,"href":"https:\/\/subra-mesures.fr\/index.php\/wp-json\/wp\/v2\/pages\/925\/revisions"}],"predecessor-version":[{"id":1015,"href":"https:\/\/subra-mesures.fr\/index.php\/wp-json\/wp\/v2\/pages\/925\/revisions\/1015"}],"wp:attachment":[{"href":"https:\/\/subra-mesures.fr\/index.php\/wp-json\/wp\/v2\/media?parent=925"}],"curies":[{"name":"wp","href":"https:\/\/api.w.org\/{rel}","templated":true}]}}